{"id":5412,"date":"2021-09-04T02:05:50","date_gmt":"2021-09-04T06:05:50","guid":{"rendered":"https:\/\/woo3.forpost-trade.ca\/product\/cabinet-with-drawers\/"},"modified":"2026-05-04T11:38:23","modified_gmt":"2026-05-04T15:38:23","slug":"cabinet-with-drawers","status":"publish","type":"product","link":"https:\/\/www.forpost-trade.ca\/qc\/product\/cabinet-with-drawers\/","title":{"rendered":"Wooden Wall Cabinet"},"content":{"rendered":"<p>18.00 x 5.00 x 30.00<\/p>\n","protected":false},"excerpt":{"rendered":"<p> Wall hanging cabinet with mirror, 2 drawers and 3 hooks. The cabinet will be useful for placing it in bedroom, entrance hall, foyer, home office or living room. The cupboard will fit multiple interior designs like farmhouse, country, cottage,  vintage, antique, rustic styles.<\/p>\n<p>&#8211; brown, natural wood, black and washed white colours<br \/>\n&#8211; wooden, metal and glass materials<br \/>\n&#8211; mirror<br \/>\n&#8211; 2 drawers<br \/>\n&#8211; 3 hooks under drawers<br \/><span style=\"color:red\">This item can only be shipped on a skid. Look for the pallet rate <a href=\"\/delivery\" target=\"_delivery\">here<\/a>. Final shipping cost might be adjusted and confirmed with you before shipping.<\/span><br \/><span style='color:orange'>Cet article ne peut \u00eatre exp\u00e9di\u00e9 que sur un patin. Recherchez le tarif de la palette <a href='\/delivery' target='_delivery'>ici.<\/a> Les frais d&#8217;exp\u00e9dition finaux peuvent \u00eatre ajust\u00e9s et confirm\u00e9s avec vous avant l&#8217;exp\u00e9dition.<\/span><\/p>\n","protected":false},"featured_media":132101,"template":"","meta":[],"product_brand":[],"product_cat":[550,620,45,50,75],"product_tag":[],"class_list":{"0":"post-5412","1":"product","2":"type-product","3":"status-publish","4":"has-post-thumbnail","6":"product_cat-mirrors-miroirs","7":"product_cat-mirrors-miroirs-fpt-design-catalog","8":"product_cat-catalog","9":"product_cat-current-selection-catalogue","10":"product_cat-furniture-mobilier","12":"first","13":"instock","14":"taxable","15":"shipping-taxable","16":"purchasable","17":"product-type-simple"},"translation":{"provider":"WPGlobus","version":"3.0.0","language":"qc","enabled_languages":["ca","qc"],"languages":{"ca":{"title":true,"content":true,"excerpt":true},"qc":{"title":false,"content":false,"excerpt":false}}},"_links":{"self":[{"href":"https:\/\/www.forpost-trade.ca\/qc\/wp-json\/wp\/v2\/product\/5412","targetHints":{"allow":["GET"]}}],"collection":[{"href":"https:\/\/www.forpost-trade.ca\/qc\/wp-json\/wp\/v2\/product"}],"about":[{"href":"https:\/\/www.forpost-trade.ca\/qc\/wp-json\/wp\/v2\/types\/product"}],"version-history":[{"count":3,"href":"https:\/\/www.forpost-trade.ca\/qc\/wp-json\/wp\/v2\/product\/5412\/revisions"}],"predecessor-version":[{"id":191343,"href":"https:\/\/www.forpost-trade.ca\/qc\/wp-json\/wp\/v2\/product\/5412\/revisions\/191343"}],"wp:featuredmedia":[{"embeddable":true,"href":"https:\/\/www.forpost-trade.ca\/qc\/wp-json\/wp\/v2\/media\/132101"}],"wp:attachment":[{"href":"https:\/\/www.forpost-trade.ca\/qc\/wp-json\/wp\/v2\/media?parent=5412"}],"wp:term":[{"taxonomy":"product_brand","embeddable":true,"href":"https:\/\/www.forpost-trade.ca\/qc\/wp-json\/wp\/v2\/product_brand?post=5412"},{"taxonomy":"product_cat","embeddable":true,"href":"https:\/\/www.forpost-trade.ca\/qc\/wp-json\/wp\/v2\/product_cat?post=5412"},{"taxonomy":"product_tag","embeddable":true,"href":"https:\/\/www.forpost-trade.ca\/qc\/wp-json\/wp\/v2\/product_tag?post=5412"}],"curies":[{"name":"wp","href":"https:\/\/api.w.org\/{rel}","templated":true}]}}