{"id":5332,"date":"2021-09-04T02:05:29","date_gmt":"2021-09-04T06:05:29","guid":{"rendered":"https:\/\/woo3.forpost-trade.ca\/product\/wall-organizer-with-metal-baskets\/"},"modified":"2026-03-12T23:09:09","modified_gmt":"2026-03-13T03:09:09","slug":"wall-organizer-with-metal-baskets","status":"publish","type":"product","link":"https:\/\/www.forpost-trade.ca\/qc\/product\/wall-organizer-with-metal-baskets\/","title":{"rendered":"Metal Wall Organizer"},"content":{"rendered":"<p>22.00 x 4.00 x 31.50<\/p>\n","protected":false},"excerpt":{"rendered":"<p> Rectangular hanging wall organizer with 3 shelves. It suits interior designs like industrial loft \/ home, rustic, classic home and cottage styles.<\/p>\n<p>&#8211; natural wood and black colours<br \/>\n&#8211; metal base and wooden shelves<br \/>\n&#8211; 2 shelves with grid sides<br \/>\n&#8211; 1 shelf with no borders<br \/>\n&#8211; 2 attached binder clips<br \/>\n&#8211; 4 hooks<br \/>\n&#8211; modern look<br \/><span style=\"color:red\">This item can only be shipped on a skid. Look for the pallet rate <a href=\"\/delivery\" target=\"_delivery\">here<\/a>. Final shipping cost might be adjusted and confirmed with you before shipping.<\/span><br \/><span style='color:orange'>Cet article ne peut \u00eatre exp\u00e9di\u00e9 que sur un patin. Recherchez le tarif de la palette <a href='\/delivery' target='_delivery'>ici.<\/a> Les frais d&#8217;exp\u00e9dition finaux peuvent \u00eatre ajust\u00e9s et confirm\u00e9s avec vous avant l&#8217;exp\u00e9dition.<\/span><\/p>\n","protected":false},"featured_media":115051,"template":"","meta":[],"product_brand":[],"product_cat":[552,614,45,50,75],"product_tag":[],"class_list":{"0":"post-5332","1":"product","2":"type-product","3":"status-publish","4":"has-post-thumbnail","6":"product_cat-furniture-meubles","7":"product_cat-furniture-meubles-fpt-design-catalog","8":"product_cat-catalog","9":"product_cat-current-selection-catalogue","10":"product_cat-furniture-mobilier","12":"first","13":"instock","14":"taxable","15":"shipping-taxable","16":"purchasable","17":"product-type-simple"},"translation":{"provider":"WPGlobus","version":"3.0.0","language":"qc","enabled_languages":["ca","qc"],"languages":{"ca":{"title":true,"content":true,"excerpt":true},"qc":{"title":false,"content":false,"excerpt":false}}},"_links":{"self":[{"href":"https:\/\/www.forpost-trade.ca\/qc\/wp-json\/wp\/v2\/product\/5332","targetHints":{"allow":["GET"]}}],"collection":[{"href":"https:\/\/www.forpost-trade.ca\/qc\/wp-json\/wp\/v2\/product"}],"about":[{"href":"https:\/\/www.forpost-trade.ca\/qc\/wp-json\/wp\/v2\/types\/product"}],"version-history":[{"count":3,"href":"https:\/\/www.forpost-trade.ca\/qc\/wp-json\/wp\/v2\/product\/5332\/revisions"}],"predecessor-version":[{"id":190336,"href":"https:\/\/www.forpost-trade.ca\/qc\/wp-json\/wp\/v2\/product\/5332\/revisions\/190336"}],"wp:featuredmedia":[{"embeddable":true,"href":"https:\/\/www.forpost-trade.ca\/qc\/wp-json\/wp\/v2\/media\/115051"}],"wp:attachment":[{"href":"https:\/\/www.forpost-trade.ca\/qc\/wp-json\/wp\/v2\/media?parent=5332"}],"wp:term":[{"taxonomy":"product_brand","embeddable":true,"href":"https:\/\/www.forpost-trade.ca\/qc\/wp-json\/wp\/v2\/product_brand?post=5332"},{"taxonomy":"product_cat","embeddable":true,"href":"https:\/\/www.forpost-trade.ca\/qc\/wp-json\/wp\/v2\/product_cat?post=5332"},{"taxonomy":"product_tag","embeddable":true,"href":"https:\/\/www.forpost-trade.ca\/qc\/wp-json\/wp\/v2\/product_tag?post=5332"}],"curies":[{"name":"wp","href":"https:\/\/api.w.org\/{rel}","templated":true}]}}