{"id":5225,"date":"2021-09-04T01:56:33","date_gmt":"2021-09-04T05:56:33","guid":{"rendered":"https:\/\/woo3.forpost-trade.ca\/product\/art-plate-in-vintage-style\/"},"modified":"2026-05-04T11:38:21","modified_gmt":"2026-05-04T15:38:21","slug":"art-plate-in-vintage-style","status":"publish","type":"product","link":"https:\/\/www.forpost-trade.ca\/qc\/product\/art-plate-in-vintage-style\/","title":{"rendered":"Wooden Wall Mirror"},"content":{"rendered":"<p>23.00 x 1.50 x 23.00<\/p>\n","protected":false},"excerpt":{"rendered":"<p> Wall hanging mirror will be a great addition to you room whether it is living room, entrance hall, foyer, bedroom or any other room you wish to hang it. It has round shape and cut out pattern in 4 places which makes an illusion of square. With its interesting design it will match interiors performed in rustic style, shabby chic, French, antique, vintage, country, farmhouse, cottage or classic home styles. <\/p>\n<p>&#8211; washed grey and a bit of natural wood and washed white colours<br \/>\n&#8211; natural wood and glass materials<br \/>\n&#8211; round shape<br \/>\n&#8211; cut out pattern<br \/><span style=\"color:red\">This item can only be shipped on a skid. Look for the pallet rate <a href=\"\/delivery\" target=\"_delivery\">here<\/a>. Final shipping cost might be adjusted and confirmed with you before shipping.<\/span><br \/><span style='color:orange'>Cet article ne peut \u00eatre exp\u00e9di\u00e9 que sur un patin. Recherchez le tarif de la palette <a href='\/delivery' target='_delivery'>ici.<\/a> Les frais d&#8217;exp\u00e9dition finaux peuvent \u00eatre ajust\u00e9s et confirm\u00e9s avec vous avant l&#8217;exp\u00e9dition.<\/span><\/p>\n","protected":false},"featured_media":115825,"template":"","meta":[],"product_brand":[],"product_cat":[550,620,45,50,75],"product_tag":[],"class_list":{"0":"post-5225","1":"product","2":"type-product","3":"status-publish","4":"has-post-thumbnail","6":"product_cat-mirrors-miroirs","7":"product_cat-mirrors-miroirs-fpt-design-catalog","8":"product_cat-catalog","9":"product_cat-current-selection-catalogue","10":"product_cat-furniture-mobilier","12":"first","13":"instock","14":"taxable","15":"shipping-taxable","16":"purchasable","17":"product-type-simple"},"translation":{"provider":"WPGlobus","version":"3.0.0","language":"qc","enabled_languages":["ca","qc"],"languages":{"ca":{"title":true,"content":true,"excerpt":true},"qc":{"title":false,"content":false,"excerpt":false}}},"_links":{"self":[{"href":"https:\/\/www.forpost-trade.ca\/qc\/wp-json\/wp\/v2\/product\/5225","targetHints":{"allow":["GET"]}}],"collection":[{"href":"https:\/\/www.forpost-trade.ca\/qc\/wp-json\/wp\/v2\/product"}],"about":[{"href":"https:\/\/www.forpost-trade.ca\/qc\/wp-json\/wp\/v2\/types\/product"}],"version-history":[{"count":3,"href":"https:\/\/www.forpost-trade.ca\/qc\/wp-json\/wp\/v2\/product\/5225\/revisions"}],"predecessor-version":[{"id":188941,"href":"https:\/\/www.forpost-trade.ca\/qc\/wp-json\/wp\/v2\/product\/5225\/revisions\/188941"}],"wp:featuredmedia":[{"embeddable":true,"href":"https:\/\/www.forpost-trade.ca\/qc\/wp-json\/wp\/v2\/media\/115825"}],"wp:attachment":[{"href":"https:\/\/www.forpost-trade.ca\/qc\/wp-json\/wp\/v2\/media?parent=5225"}],"wp:term":[{"taxonomy":"product_brand","embeddable":true,"href":"https:\/\/www.forpost-trade.ca\/qc\/wp-json\/wp\/v2\/product_brand?post=5225"},{"taxonomy":"product_cat","embeddable":true,"href":"https:\/\/www.forpost-trade.ca\/qc\/wp-json\/wp\/v2\/product_cat?post=5225"},{"taxonomy":"product_tag","embeddable":true,"href":"https:\/\/www.forpost-trade.ca\/qc\/wp-json\/wp\/v2\/product_tag?post=5225"}],"curies":[{"name":"wp","href":"https:\/\/api.w.org\/{rel}","templated":true}]}}