{"id":4559,"date":"2021-09-04T01:45:42","date_gmt":"2021-09-04T05:45:42","guid":{"rendered":"https:\/\/woo3.forpost-trade.ca\/product\/wood-and-metal-lantern-set-of-2-2\/"},"modified":"2026-04-06T22:58:36","modified_gmt":"2026-04-07T02:58:36","slug":"wood-and-metal-lantern-set-of-2-2","status":"publish","type":"product","link":"https:\/\/www.forpost-trade.ca\/qc\/product\/wood-and-metal-lantern-set-of-2-2\/","title":{"rendered":"Wood And Metal Lantern, Set of 2"},"content":{"rendered":"<p>Large: 8.50 x 8.50 x 22.00<br \/>Small: 5.50 x 5.50 x 17.50<\/p>\n","protected":false},"excerpt":{"rendered":"<p> Lanterns. Nautical style.<\/p>\n<p>&#8211; aquamarine colour<br \/>\n&#8211; metal, glass and wood materials<br \/>\n&#8211; one lantern is bigger, the other one is smaller<br \/>\n&#8211; set of 2<br \/><span style=\"color:red\">This item can only be shipped on a skid. Look for the pallet rate <a href=\"\/delivery\" target=\"_delivery\">here<\/a>. Final shipping cost might be adjusted and confirmed with you before shipping.<\/span><br \/><span style='color:orange'>Cet article ne peut \u00eatre exp\u00e9di\u00e9 que sur un patin. Recherchez le tarif de la palette <a href='\/delivery' target='_delivery'>ici.<\/a> Les frais d&#8217;exp\u00e9dition finaux peuvent \u00eatre ajust\u00e9s et confirm\u00e9s avec vous avant l&#8217;exp\u00e9dition.<\/span><\/p>\n","protected":false},"featured_media":168615,"template":"","meta":[],"product_brand":[],"product_cat":[609,599,45],"product_tag":[],"class_list":{"0":"post-4559","1":"product","2":"type-product","3":"status-publish","4":"has-post-thumbnail","6":"product_cat-candle-holders-lanterns-bougeoirs-et-lanternes-fpt-design-catalog","7":"product_cat-clearance","8":"product_cat-catalog","10":"first","11":"instock","12":"sale","13":"taxable","14":"shipping-taxable","15":"purchasable","16":"product-type-simple"},"translation":{"provider":"WPGlobus","version":"3.0.0","language":"qc","enabled_languages":["ca","qc"],"languages":{"ca":{"title":true,"content":true,"excerpt":true},"qc":{"title":false,"content":false,"excerpt":false}}},"_links":{"self":[{"href":"https:\/\/www.forpost-trade.ca\/qc\/wp-json\/wp\/v2\/product\/4559","targetHints":{"allow":["GET"]}}],"collection":[{"href":"https:\/\/www.forpost-trade.ca\/qc\/wp-json\/wp\/v2\/product"}],"about":[{"href":"https:\/\/www.forpost-trade.ca\/qc\/wp-json\/wp\/v2\/types\/product"}],"version-history":[{"count":3,"href":"https:\/\/www.forpost-trade.ca\/qc\/wp-json\/wp\/v2\/product\/4559\/revisions"}],"predecessor-version":[{"id":190331,"href":"https:\/\/www.forpost-trade.ca\/qc\/wp-json\/wp\/v2\/product\/4559\/revisions\/190331"}],"wp:featuredmedia":[{"embeddable":true,"href":"https:\/\/www.forpost-trade.ca\/qc\/wp-json\/wp\/v2\/media\/168615"}],"wp:attachment":[{"href":"https:\/\/www.forpost-trade.ca\/qc\/wp-json\/wp\/v2\/media?parent=4559"}],"wp:term":[{"taxonomy":"product_brand","embeddable":true,"href":"https:\/\/www.forpost-trade.ca\/qc\/wp-json\/wp\/v2\/product_brand?post=4559"},{"taxonomy":"product_cat","embeddable":true,"href":"https:\/\/www.forpost-trade.ca\/qc\/wp-json\/wp\/v2\/product_cat?post=4559"},{"taxonomy":"product_tag","embeddable":true,"href":"https:\/\/www.forpost-trade.ca\/qc\/wp-json\/wp\/v2\/product_tag?post=4559"}],"curies":[{"name":"wp","href":"https:\/\/api.w.org\/{rel}","templated":true}]}}