{"id":4038,"date":"2021-09-04T01:39:21","date_gmt":"2021-09-04T05:39:21","guid":{"rendered":"https:\/\/woo3.forpost-trade.ca\/product\/wooden-mirror\/"},"modified":"2026-05-01T16:13:02","modified_gmt":"2026-05-01T20:13:02","slug":"wooden-mirror","status":"publish","type":"product","link":"https:\/\/www.forpost-trade.ca\/qc\/product\/wooden-mirror\/","title":{"rendered":"Wooden Wall Mirror"},"content":{"rendered":"<p>23.00 x 23.00 x 1.00<\/p>\n","protected":false},"excerpt":{"rendered":"<p> Wall hanging mirror will be a great addition to you room whether it is living room, entrance hall, foyer, bedroom or any other room you wish to hang it in. It has square shape and has cut out pattern. With its interesting design it will match interiors performed in rustic style, antique, vintage, country, farmhouse or cottage styles. <\/p>\n<p>&#8211; rustic, washed white and rustic green colours<br \/>\n&#8211; wood, glass and metal materials<br \/>\n&#8211; square shape<br \/>\n&#8211; cut out ornament on metal part of the frame<br \/>\n&#8211; 5 decorative screws on each corner of the frame<br \/><span style=\"color:red\">This item can only be shipped on a skid. Look for the pallet rate <a href=\"\/delivery\" target=\"_delivery\">here<\/a>. Final shipping cost might be adjusted and confirmed with you before shipping.<\/span><br \/><span style='color:orange'>Cet article ne peut \u00eatre exp\u00e9di\u00e9 que sur un patin. Recherchez le tarif de la palette <a href='\/delivery' target='_delivery'>ici.<\/a> Les frais d&#8217;exp\u00e9dition finaux peuvent \u00eatre ajust\u00e9s et confirm\u00e9s avec vous avant l&#8217;exp\u00e9dition.<\/span><\/p>\n","protected":false},"featured_media":114679,"template":"","meta":[],"product_brand":[],"product_cat":[599,620,45],"product_tag":[],"class_list":{"0":"post-4038","1":"product","2":"type-product","3":"status-publish","4":"has-post-thumbnail","6":"product_cat-clearance","7":"product_cat-mirrors-miroirs-fpt-design-catalog","8":"product_cat-catalog","10":"first","11":"instock","12":"sale","13":"taxable","14":"shipping-taxable","15":"purchasable","16":"product-type-simple"},"translation":{"provider":"WPGlobus","version":"3.0.0","language":"qc","enabled_languages":["ca","qc"],"languages":{"ca":{"title":true,"content":true,"excerpt":true},"qc":{"title":false,"content":false,"excerpt":false}}},"_links":{"self":[{"href":"https:\/\/www.forpost-trade.ca\/qc\/wp-json\/wp\/v2\/product\/4038","targetHints":{"allow":["GET"]}}],"collection":[{"href":"https:\/\/www.forpost-trade.ca\/qc\/wp-json\/wp\/v2\/product"}],"about":[{"href":"https:\/\/www.forpost-trade.ca\/qc\/wp-json\/wp\/v2\/types\/product"}],"version-history":[{"count":3,"href":"https:\/\/www.forpost-trade.ca\/qc\/wp-json\/wp\/v2\/product\/4038\/revisions"}],"predecessor-version":[{"id":190329,"href":"https:\/\/www.forpost-trade.ca\/qc\/wp-json\/wp\/v2\/product\/4038\/revisions\/190329"}],"wp:featuredmedia":[{"embeddable":true,"href":"https:\/\/www.forpost-trade.ca\/qc\/wp-json\/wp\/v2\/media\/114679"}],"wp:attachment":[{"href":"https:\/\/www.forpost-trade.ca\/qc\/wp-json\/wp\/v2\/media?parent=4038"}],"wp:term":[{"taxonomy":"product_brand","embeddable":true,"href":"https:\/\/www.forpost-trade.ca\/qc\/wp-json\/wp\/v2\/product_brand?post=4038"},{"taxonomy":"product_cat","embeddable":true,"href":"https:\/\/www.forpost-trade.ca\/qc\/wp-json\/wp\/v2\/product_cat?post=4038"},{"taxonomy":"product_tag","embeddable":true,"href":"https:\/\/www.forpost-trade.ca\/qc\/wp-json\/wp\/v2\/product_tag?post=4038"}],"curies":[{"name":"wp","href":"https:\/\/api.w.org\/{rel}","templated":true}]}}