{"id":3846,"date":"2021-09-04T01:35:37","date_gmt":"2021-09-04T05:35:37","guid":{"rendered":"https:\/\/woo3.forpost-trade.ca\/product\/metal-basket-shelves\/"},"modified":"2026-04-20T23:04:02","modified_gmt":"2026-04-21T03:04:02","slug":"metal-basket-shelves","status":"publish","type":"product","link":"https:\/\/www.forpost-trade.ca\/qc\/product\/metal-basket-shelves\/","title":{"rendered":"Metal Basket Shelves"},"content":{"rendered":"<p>27.00 x 10.00 x 77.50<\/p>\n","protected":false},"excerpt":{"rendered":"<p> Stand with 4 basket shelves attached to 2 supporting rods. You need to attach both rods to the wall in the upper part in order to have better support. It suits well for placing kitchenware, jars, pots with flowers, statues, books etc. The shelf is an interesting and useful addition to any room whether it&#8217;s a kitchen, dining room, living room, bathroom pantry or home office. This shelf storage fits perfectly with industrial loft \/ home, classic home or modern interiors.<\/p>\n<p>&#8211; black colour<br \/>\n&#8211; metal material<br \/>\n&#8211; 4 basket shelves attached to 2 supporting rods<br \/>\n&#8211; needs to be drilled to the wall in the top part of the rods<br \/><span style=\"color:red\">This item can only be shipped on a skid. Look for the pallet rate <a href=\"\/delivery\" target=\"_delivery\">here<\/a>. Final shipping cost might be adjusted and confirmed with you before shipping.<\/span><br \/><span style='color:orange'>Cet article ne peut \u00eatre exp\u00e9di\u00e9 que sur un patin. Recherchez le tarif de la palette <a href='\/delivery' target='_delivery'>ici.<\/a> Les frais d&#8217;exp\u00e9dition finaux peuvent \u00eatre ajust\u00e9s et confirm\u00e9s avec vous avant l&#8217;exp\u00e9dition.<\/span><\/p>\n","protected":false},"featured_media":117508,"template":"","meta":[],"product_brand":[],"product_cat":[552,614,45,50,75],"product_tag":[],"class_list":{"0":"post-3846","1":"product","2":"type-product","3":"status-publish","4":"has-post-thumbnail","6":"product_cat-furniture-meubles","7":"product_cat-furniture-meubles-fpt-design-catalog","8":"product_cat-catalog","9":"product_cat-current-selection-catalogue","10":"product_cat-furniture-mobilier","12":"first","13":"instock","14":"taxable","15":"shipping-taxable","16":"purchasable","17":"product-type-simple"},"translation":{"provider":"WPGlobus","version":"3.0.0","language":"qc","enabled_languages":["ca","qc"],"languages":{"ca":{"title":true,"content":true,"excerpt":true},"qc":{"title":false,"content":false,"excerpt":false}}},"_links":{"self":[{"href":"https:\/\/www.forpost-trade.ca\/qc\/wp-json\/wp\/v2\/product\/3846","targetHints":{"allow":["GET"]}}],"collection":[{"href":"https:\/\/www.forpost-trade.ca\/qc\/wp-json\/wp\/v2\/product"}],"about":[{"href":"https:\/\/www.forpost-trade.ca\/qc\/wp-json\/wp\/v2\/types\/product"}],"version-history":[{"count":3,"href":"https:\/\/www.forpost-trade.ca\/qc\/wp-json\/wp\/v2\/product\/3846\/revisions"}],"predecessor-version":[{"id":190991,"href":"https:\/\/www.forpost-trade.ca\/qc\/wp-json\/wp\/v2\/product\/3846\/revisions\/190991"}],"wp:featuredmedia":[{"embeddable":true,"href":"https:\/\/www.forpost-trade.ca\/qc\/wp-json\/wp\/v2\/media\/117508"}],"wp:attachment":[{"href":"https:\/\/www.forpost-trade.ca\/qc\/wp-json\/wp\/v2\/media?parent=3846"}],"wp:term":[{"taxonomy":"product_brand","embeddable":true,"href":"https:\/\/www.forpost-trade.ca\/qc\/wp-json\/wp\/v2\/product_brand?post=3846"},{"taxonomy":"product_cat","embeddable":true,"href":"https:\/\/www.forpost-trade.ca\/qc\/wp-json\/wp\/v2\/product_cat?post=3846"},{"taxonomy":"product_tag","embeddable":true,"href":"https:\/\/www.forpost-trade.ca\/qc\/wp-json\/wp\/v2\/product_tag?post=3846"}],"curies":[{"name":"wp","href":"https:\/\/api.w.org\/{rel}","templated":true}]}}