{"id":3827,"date":"2021-09-04T01:35:29","date_gmt":"2021-09-04T05:35:29","guid":{"rendered":"https:\/\/woo3.forpost-trade.ca\/product\/wooden-candle-stand\/"},"modified":"2026-04-21T23:15:54","modified_gmt":"2026-04-22T03:15:54","slug":"wooden-candle-stand","status":"publish","type":"product","link":"https:\/\/www.forpost-trade.ca\/qc\/product\/wooden-candle-stand\/","title":{"rendered":"Wooden Candle Stand"},"content":{"rendered":"<p>12.75 x 12.75 x 12.75<\/p>\n","protected":false},"excerpt":{"rendered":"<p> Stylish geometrical candle holder. Classic Home style.<\/p>\n<p>&#8211; black colour<br \/>\n&#8211; wood and glass material<br \/><span style=\"color:red\">This item can only be shipped on a skid. Look for the pallet rate <a href=\"\/delivery\" target=\"_delivery\">here<\/a>. Final shipping cost might be adjusted and confirmed with you before shipping.<\/span><br \/><span style='color:orange'>Cet article ne peut \u00eatre exp\u00e9di\u00e9 que sur un patin. Recherchez le tarif de la palette <a href='\/delivery' target='_delivery'>ici.<\/a> Les frais d&#8217;exp\u00e9dition finaux peuvent \u00eatre ajust\u00e9s et confirm\u00e9s avec vous avant l&#8217;exp\u00e9dition.<\/span><\/p>\n","protected":false},"featured_media":147594,"template":"","meta":[],"product_brand":[],"product_cat":[548,609,45,50,76],"product_tag":[],"class_list":{"0":"post-3827","1":"product","2":"type-product","3":"status-publish","4":"has-post-thumbnail","6":"product_cat-candle-holders-lanterns-bougeoirs-et-lanternes","7":"product_cat-candle-holders-lanterns-bougeoirs-et-lanternes-fpt-design-catalog","8":"product_cat-catalog","9":"product_cat-current-selection-catalogue","10":"product_cat-garden-jardin","12":"first","13":"instock","14":"taxable","15":"shipping-taxable","16":"purchasable","17":"product-type-simple"},"translation":{"provider":"WPGlobus","version":"3.0.0","language":"qc","enabled_languages":["ca","qc"],"languages":{"ca":{"title":true,"content":true,"excerpt":true},"qc":{"title":false,"content":false,"excerpt":false}}},"_links":{"self":[{"href":"https:\/\/www.forpost-trade.ca\/qc\/wp-json\/wp\/v2\/product\/3827","targetHints":{"allow":["GET"]}}],"collection":[{"href":"https:\/\/www.forpost-trade.ca\/qc\/wp-json\/wp\/v2\/product"}],"about":[{"href":"https:\/\/www.forpost-trade.ca\/qc\/wp-json\/wp\/v2\/types\/product"}],"version-history":[{"count":3,"href":"https:\/\/www.forpost-trade.ca\/qc\/wp-json\/wp\/v2\/product\/3827\/revisions"}],"predecessor-version":[{"id":188503,"href":"https:\/\/www.forpost-trade.ca\/qc\/wp-json\/wp\/v2\/product\/3827\/revisions\/188503"}],"wp:featuredmedia":[{"embeddable":true,"href":"https:\/\/www.forpost-trade.ca\/qc\/wp-json\/wp\/v2\/media\/147594"}],"wp:attachment":[{"href":"https:\/\/www.forpost-trade.ca\/qc\/wp-json\/wp\/v2\/media?parent=3827"}],"wp:term":[{"taxonomy":"product_brand","embeddable":true,"href":"https:\/\/www.forpost-trade.ca\/qc\/wp-json\/wp\/v2\/product_brand?post=3827"},{"taxonomy":"product_cat","embeddable":true,"href":"https:\/\/www.forpost-trade.ca\/qc\/wp-json\/wp\/v2\/product_cat?post=3827"},{"taxonomy":"product_tag","embeddable":true,"href":"https:\/\/www.forpost-trade.ca\/qc\/wp-json\/wp\/v2\/product_tag?post=3827"}],"curies":[{"name":"wp","href":"https:\/\/api.w.org\/{rel}","templated":true}]}}