{"id":161666,"date":"2024-01-26T23:35:27","date_gmt":"2024-01-27T04:35:27","guid":{"rendered":"https:\/\/www.forpost-trade.ca\/product\/wooden-flower-stand-set-of-2-4\/"},"modified":"2026-04-07T08:16:20","modified_gmt":"2026-04-07T12:16:20","slug":"wooden-flower-stand-set-of-2-4","status":"publish","type":"product","link":"https:\/\/www.forpost-trade.ca\/qc\/product\/wooden-flower-stand-set-of-2-4\/","title":{"rendered":"Wooden Flower Stand, Set of 2"},"content":{"rendered":"<p>Large: 9.75 x 9.75 x 27.50<br \/>Small: 7.00 x 7.00 x 24.75<\/p>\n","protected":false},"excerpt":{"rendered":"<p> Flower stands with metal detailing.<\/p>\n<p>&#8211; washed white and natural wood colors<br \/>\n&#8211; wooden base and metal ornament<br \/>\n&#8211; set of 2 (1 large and 1 small)<br \/><span style=\"color:red\">This item can only be shipped on a skid. Look for the pallet rate <a href=\"\/delivery\" target=\"_delivery\">here<\/a>. Final shipping cost might be adjusted and confirmed with you before shipping.<\/span><br \/><span style='color:orange'>Cet article ne peut \u00eatre exp\u00e9di\u00e9 que sur un patin. Recherchez le tarif de la palette <a href='\/delivery' target='_delivery'>ici.<\/a> Les frais d&#8217;exp\u00e9dition finaux peuvent \u00eatre ajust\u00e9s et confirm\u00e9s avec vous avant l&#8217;exp\u00e9dition.<\/span><\/p>\n","protected":false},"featured_media":161661,"template":"","meta":[],"product_brand":[],"product_cat":[552,614,50,75],"product_tag":[],"class_list":{"0":"post-161666","1":"product","2":"type-product","3":"status-publish","4":"has-post-thumbnail","6":"product_cat-furniture-meubles","7":"product_cat-furniture-meubles-fpt-design-catalog","8":"product_cat-current-selection-catalogue","9":"product_cat-furniture-mobilier","11":"first","12":"instock","13":"taxable","14":"shipping-taxable","15":"purchasable","16":"product-type-simple"},"translation":{"provider":"WPGlobus","version":"3.0.0","language":"qc","enabled_languages":["ca","qc"],"languages":{"ca":{"title":true,"content":true,"excerpt":true},"qc":{"title":false,"content":false,"excerpt":false}}},"_links":{"self":[{"href":"https:\/\/www.forpost-trade.ca\/qc\/wp-json\/wp\/v2\/product\/161666","targetHints":{"allow":["GET"]}}],"collection":[{"href":"https:\/\/www.forpost-trade.ca\/qc\/wp-json\/wp\/v2\/product"}],"about":[{"href":"https:\/\/www.forpost-trade.ca\/qc\/wp-json\/wp\/v2\/types\/product"}],"version-history":[{"count":4,"href":"https:\/\/www.forpost-trade.ca\/qc\/wp-json\/wp\/v2\/product\/161666\/revisions"}],"predecessor-version":[{"id":188924,"href":"https:\/\/www.forpost-trade.ca\/qc\/wp-json\/wp\/v2\/product\/161666\/revisions\/188924"}],"wp:featuredmedia":[{"embeddable":true,"href":"https:\/\/www.forpost-trade.ca\/qc\/wp-json\/wp\/v2\/media\/161661"}],"wp:attachment":[{"href":"https:\/\/www.forpost-trade.ca\/qc\/wp-json\/wp\/v2\/media?parent=161666"}],"wp:term":[{"taxonomy":"product_brand","embeddable":true,"href":"https:\/\/www.forpost-trade.ca\/qc\/wp-json\/wp\/v2\/product_brand?post=161666"},{"taxonomy":"product_cat","embeddable":true,"href":"https:\/\/www.forpost-trade.ca\/qc\/wp-json\/wp\/v2\/product_cat?post=161666"},{"taxonomy":"product_tag","embeddable":true,"href":"https:\/\/www.forpost-trade.ca\/qc\/wp-json\/wp\/v2\/product_tag?post=161666"}],"curies":[{"name":"wp","href":"https:\/\/api.w.org\/{rel}","templated":true}]}}