{"id":160405,"date":"2024-01-23T12:00:55","date_gmt":"2024-01-23T17:00:55","guid":{"rendered":"https:\/\/www.forpost-trade.ca\/product\/wood-and-glass-lantern-set-of-2\/"},"modified":"2026-04-20T23:22:04","modified_gmt":"2026-04-21T03:22:04","slug":"wood-and-glass-lantern-set-of-2","status":"publish","type":"product","link":"https:\/\/www.forpost-trade.ca\/qc\/product\/wood-and-glass-lantern-set-of-2\/","title":{"rendered":"Wood and Glass Lantern, Set of 2"},"content":{"rendered":"<p>Large: 10.75 x 10.75 x 26.00<br \/>Small: 7.50 x 7.50 x 19.00<\/p>\n","protected":false},"excerpt":{"rendered":"<p> Vintage wooden lanterns with glass walls and metal handle.<\/p>\n<p>-set of 2<br \/>\n-antique feel<br \/><span style=\"color:red\">This item can only be shipped on a skid. Look for the pallet rate <a href=\"\/delivery\" target=\"_delivery\">here<\/a>. Final shipping cost might be adjusted and confirmed with you before shipping.<\/span><br \/><span style='color:orange'>Cet article ne peut \u00eatre exp\u00e9di\u00e9 que sur un patin. Recherchez le tarif de la palette <a href='\/delivery' target='_delivery'>ici.<\/a> Les frais d&#8217;exp\u00e9dition finaux peuvent \u00eatre ajust\u00e9s et confirm\u00e9s avec vous avant l&#8217;exp\u00e9dition.<\/span><\/p>\n","protected":false},"featured_media":162110,"template":"","meta":[],"product_brand":[],"product_cat":[548,609,45,50,77],"product_tag":[],"class_list":{"0":"post-160405","1":"product","2":"type-product","3":"status-publish","4":"has-post-thumbnail","6":"product_cat-candle-holders-lanterns-bougeoirs-et-lanternes","7":"product_cat-candle-holders-lanterns-bougeoirs-et-lanternes-fpt-design-catalog","8":"product_cat-catalog","9":"product_cat-current-selection-catalogue","10":"product_cat-home-decor-decoration-de-maison","12":"first","13":"instock","14":"taxable","15":"shipping-taxable","16":"purchasable","17":"product-type-simple"},"translation":{"provider":"WPGlobus","version":"3.0.0","language":"qc","enabled_languages":["ca","qc"],"languages":{"ca":{"title":true,"content":true,"excerpt":true},"qc":{"title":false,"content":false,"excerpt":false}}},"_links":{"self":[{"href":"https:\/\/www.forpost-trade.ca\/qc\/wp-json\/wp\/v2\/product\/160405","targetHints":{"allow":["GET"]}}],"collection":[{"href":"https:\/\/www.forpost-trade.ca\/qc\/wp-json\/wp\/v2\/product"}],"about":[{"href":"https:\/\/www.forpost-trade.ca\/qc\/wp-json\/wp\/v2\/types\/product"}],"version-history":[{"count":3,"href":"https:\/\/www.forpost-trade.ca\/qc\/wp-json\/wp\/v2\/product\/160405\/revisions"}],"predecessor-version":[{"id":200711,"href":"https:\/\/www.forpost-trade.ca\/qc\/wp-json\/wp\/v2\/product\/160405\/revisions\/200711"}],"wp:featuredmedia":[{"embeddable":true,"href":"https:\/\/www.forpost-trade.ca\/qc\/wp-json\/wp\/v2\/media\/162110"}],"wp:attachment":[{"href":"https:\/\/www.forpost-trade.ca\/qc\/wp-json\/wp\/v2\/media?parent=160405"}],"wp:term":[{"taxonomy":"product_brand","embeddable":true,"href":"https:\/\/www.forpost-trade.ca\/qc\/wp-json\/wp\/v2\/product_brand?post=160405"},{"taxonomy":"product_cat","embeddable":true,"href":"https:\/\/www.forpost-trade.ca\/qc\/wp-json\/wp\/v2\/product_cat?post=160405"},{"taxonomy":"product_tag","embeddable":true,"href":"https:\/\/www.forpost-trade.ca\/qc\/wp-json\/wp\/v2\/product_tag?post=160405"}],"curies":[{"name":"wp","href":"https:\/\/api.w.org\/{rel}","templated":true}]}}