{"id":153524,"date":"2023-10-09T14:39:42","date_gmt":"2023-10-09T18:39:42","guid":{"rendered":"https:\/\/www.forpost-trade.ca\/product\/wooden-table-4\/"},"modified":"2026-03-17T02:23:55","modified_gmt":"2026-03-17T06:23:55","slug":"wooden-table-4","status":"publish","type":"product","link":"https:\/\/www.forpost-trade.ca\/qc\/product\/wooden-table-4\/","title":{"rendered":"Wooden Table"},"content":{"rendered":"<p>47.25 x 15.75 x 31.00<\/p>\n","protected":false},"excerpt":{"rendered":"<p> Table with 1 storage drawer. This desk is very useful and can be placed in multiple rooms like a living room, entrance hall or foyer, home office. The table will fit multiple interior designs. For example, farmhouse, country and french, vintage and antique, shabby chic, rustic and classic home styles.<\/p>\n<p>&#8211; washed white colour<br \/>\n&#8211; natural wood material<br \/>\n&#8211; 1 drawer<br \/>\n&#8211; bottom shelf<br \/><span style=\"color:red\">This item can only be shipped on a skid. Look for the pallet rate <a href=\"\/delivery\" target=\"_delivery\">here<\/a>. Final shipping cost might be adjusted and confirmed with you before shipping.<\/span><br \/><span style='color:orange'>Cet article ne peut \u00eatre exp\u00e9di\u00e9 que sur un patin. Recherchez le tarif de la palette <a href='\/delivery' target='_delivery'>ici.<\/a> Les frais d&#8217;exp\u00e9dition finaux peuvent \u00eatre ajust\u00e9s et confirm\u00e9s avec vous avant l&#8217;exp\u00e9dition.<\/span><\/p>\n","protected":false},"featured_media":162121,"template":"","meta":[],"product_brand":[],"product_cat":[677,45],"product_tag":[],"class_list":{"0":"post-153524","1":"product","2":"type-product","3":"status-publish","4":"has-post-thumbnail","6":"product_cat-arriving-march-31","7":"product_cat-catalog","9":"first","10":"onbackorder","11":"taxable","12":"shipping-taxable","13":"purchasable","14":"product-type-simple"},"translation":{"provider":"WPGlobus","version":"3.0.0","language":"qc","enabled_languages":["ca","qc"],"languages":{"ca":{"title":true,"content":true,"excerpt":true},"qc":{"title":false,"content":false,"excerpt":false}}},"_links":{"self":[{"href":"https:\/\/www.forpost-trade.ca\/qc\/wp-json\/wp\/v2\/product\/153524","targetHints":{"allow":["GET"]}}],"collection":[{"href":"https:\/\/www.forpost-trade.ca\/qc\/wp-json\/wp\/v2\/product"}],"about":[{"href":"https:\/\/www.forpost-trade.ca\/qc\/wp-json\/wp\/v2\/types\/product"}],"version-history":[{"count":3,"href":"https:\/\/www.forpost-trade.ca\/qc\/wp-json\/wp\/v2\/product\/153524\/revisions"}],"predecessor-version":[{"id":192499,"href":"https:\/\/www.forpost-trade.ca\/qc\/wp-json\/wp\/v2\/product\/153524\/revisions\/192499"}],"wp:featuredmedia":[{"embeddable":true,"href":"https:\/\/www.forpost-trade.ca\/qc\/wp-json\/wp\/v2\/media\/162121"}],"wp:attachment":[{"href":"https:\/\/www.forpost-trade.ca\/qc\/wp-json\/wp\/v2\/media?parent=153524"}],"wp:term":[{"taxonomy":"product_brand","embeddable":true,"href":"https:\/\/www.forpost-trade.ca\/qc\/wp-json\/wp\/v2\/product_brand?post=153524"},{"taxonomy":"product_cat","embeddable":true,"href":"https:\/\/www.forpost-trade.ca\/qc\/wp-json\/wp\/v2\/product_cat?post=153524"},{"taxonomy":"product_tag","embeddable":true,"href":"https:\/\/www.forpost-trade.ca\/qc\/wp-json\/wp\/v2\/product_tag?post=153524"}],"curies":[{"name":"wp","href":"https:\/\/api.w.org\/{rel}","templated":true}]}}