{"id":129671,"date":"2022-07-05T23:00:12","date_gmt":"2022-07-06T03:00:12","guid":{"rendered":"https:\/\/www.forpost-trade.ca\/product\/wooden-cupboard\/"},"modified":"2026-04-07T08:10:21","modified_gmt":"2026-04-07T12:10:21","slug":"wooden-cupboard","status":"publish","type":"product","link":"https:\/\/www.forpost-trade.ca\/qc\/product\/wooden-cupboard\/","title":{"rendered":"Wooden Cupboard"},"content":{"rendered":"<p>45 x 15.75 x 32<\/p>\n","protected":false},"excerpt":{"rendered":"<p> Cabinet with 2 doors and 7 shelves. This cupboard is the perfect storage for books, tableware, sauces as well as to place some statues, flowers or clocks on top of it. The cabinet will be useful for placing it in a kitchen, dinning room, pantry, foyer, home office or living room. The cabinet will fit multiple interior designs. For example, farmhouse, country and french, vintage and antique, cottage, rustic styles.<\/p>\n<p>&#8211; washed white base, brown doors and black handles<br \/>\n&#8211; wooden, glass and metal materials<br \/>\n&#8211; 3 open shelves in the middle<br \/>\n&#8211; 2 doors with 2 shelves behind each<br \/><span style=\"color:red\">This item can only be shipped on a skid. Look for the pallet rate <a href=\"\/delivery\" target=\"_delivery\">here<\/a>. Final shipping cost might be adjusted and confirmed with you before shipping.<\/span><br \/><span style='color:orange'>Cet article ne peut \u00eatre exp\u00e9di\u00e9 que sur un patin. Recherchez le tarif de la palette <a href='\/delivery' target='_delivery'>ici.<\/a> Les frais d&#8217;exp\u00e9dition finaux peuvent \u00eatre ajust\u00e9s et confirm\u00e9s avec vous avant l&#8217;exp\u00e9dition.<\/span><\/p>\n","protected":false},"featured_media":149475,"template":"","meta":[],"product_brand":[],"product_cat":[552,614,45,50,75],"product_tag":[],"class_list":{"0":"post-129671","1":"product","2":"type-product","3":"status-publish","4":"has-post-thumbnail","6":"product_cat-furniture-meubles","7":"product_cat-furniture-meubles-fpt-design-catalog","8":"product_cat-catalog","9":"product_cat-current-selection-catalogue","10":"product_cat-furniture-mobilier","12":"first","13":"instock","14":"taxable","15":"shipping-taxable","16":"purchasable","17":"product-type-simple"},"translation":{"provider":"WPGlobus","version":"3.0.0","language":"qc","enabled_languages":["ca","qc"],"languages":{"ca":{"title":true,"content":true,"excerpt":true},"qc":{"title":false,"content":false,"excerpt":false}}},"_links":{"self":[{"href":"https:\/\/www.forpost-trade.ca\/qc\/wp-json\/wp\/v2\/product\/129671","targetHints":{"allow":["GET"]}}],"collection":[{"href":"https:\/\/www.forpost-trade.ca\/qc\/wp-json\/wp\/v2\/product"}],"about":[{"href":"https:\/\/www.forpost-trade.ca\/qc\/wp-json\/wp\/v2\/types\/product"}],"version-history":[{"count":3,"href":"https:\/\/www.forpost-trade.ca\/qc\/wp-json\/wp\/v2\/product\/129671\/revisions"}],"predecessor-version":[{"id":188534,"href":"https:\/\/www.forpost-trade.ca\/qc\/wp-json\/wp\/v2\/product\/129671\/revisions\/188534"}],"wp:featuredmedia":[{"embeddable":true,"href":"https:\/\/www.forpost-trade.ca\/qc\/wp-json\/wp\/v2\/media\/149475"}],"wp:attachment":[{"href":"https:\/\/www.forpost-trade.ca\/qc\/wp-json\/wp\/v2\/media?parent=129671"}],"wp:term":[{"taxonomy":"product_brand","embeddable":true,"href":"https:\/\/www.forpost-trade.ca\/qc\/wp-json\/wp\/v2\/product_brand?post=129671"},{"taxonomy":"product_cat","embeddable":true,"href":"https:\/\/www.forpost-trade.ca\/qc\/wp-json\/wp\/v2\/product_cat?post=129671"},{"taxonomy":"product_tag","embeddable":true,"href":"https:\/\/www.forpost-trade.ca\/qc\/wp-json\/wp\/v2\/product_tag?post=129671"}],"curies":[{"name":"wp","href":"https:\/\/api.w.org\/{rel}","templated":true}]}}