{"id":129071,"date":"2022-06-29T12:11:03","date_gmt":"2022-06-29T16:11:03","guid":{"rendered":"https:\/\/www.forpost-trade.ca\/product\/rattan-daisy-mirror-wall-decoration\/"},"modified":"2026-02-20T12:23:30","modified_gmt":"2026-02-20T17:23:30","slug":"rattan-daisy-mirror-wall-decoration","status":"publish","type":"product","link":"https:\/\/www.forpost-trade.ca\/qc\/product\/rattan-daisy-mirror-wall-decoration\/","title":{"rendered":"Rattan Daisy Mirror Wall Decoration"},"content":{"rendered":"<p>36.5 x 1.50 x 36.5<\/p>\n","protected":false},"excerpt":{"rendered":"<p> Wall mounting mirror flower decoration. It fits well with interior styles such as Cottage, Farmhouse, Country, Boho, Ethnic, French and Shabby Chic.<\/p>\n<p>&#8211; natural beige-brown and white colours<br \/>\n&#8211; rattan, glass, metal and wood materials<br \/>\n&#8211; flower shape and design<br \/><span style=\"color:red\">This item can only be shipped on a skid. Look for the pallet rate <a href=\"\/delivery\" target=\"_delivery\">here<\/a>. Final shipping cost might be adjusted and confirmed with you before shipping.<\/span><br \/><span style='color:orange'>Cet article ne peut \u00eatre exp\u00e9di\u00e9 que sur un patin. Recherchez le tarif de la palette <a href='\/delivery' target='_delivery'>ici.<\/a> Les frais d&#8217;exp\u00e9dition finaux peuvent \u00eatre ajust\u00e9s et confirm\u00e9s avec vous avant l&#8217;exp\u00e9dition.<\/span><\/p>\n","protected":false},"featured_media":169174,"template":"","meta":[],"product_brand":[],"product_cat":[550,620,50,75],"product_tag":[],"class_list":{"0":"post-129071","1":"product","2":"type-product","3":"status-publish","4":"has-post-thumbnail","6":"product_cat-mirrors-miroirs","7":"product_cat-mirrors-miroirs-fpt-design-catalog","8":"product_cat-current-selection-catalogue","9":"product_cat-furniture-mobilier","11":"first","12":"instock","13":"taxable","14":"shipping-taxable","15":"purchasable","16":"product-type-simple"},"translation":{"provider":"WPGlobus","version":"3.0.0","language":"qc","enabled_languages":["ca","qc"],"languages":{"ca":{"title":true,"content":true,"excerpt":true},"qc":{"title":false,"content":false,"excerpt":false}}},"_links":{"self":[{"href":"https:\/\/www.forpost-trade.ca\/qc\/wp-json\/wp\/v2\/product\/129071","targetHints":{"allow":["GET"]}}],"collection":[{"href":"https:\/\/www.forpost-trade.ca\/qc\/wp-json\/wp\/v2\/product"}],"about":[{"href":"https:\/\/www.forpost-trade.ca\/qc\/wp-json\/wp\/v2\/types\/product"}],"version-history":[{"count":3,"href":"https:\/\/www.forpost-trade.ca\/qc\/wp-json\/wp\/v2\/product\/129071\/revisions"}],"predecessor-version":[{"id":191327,"href":"https:\/\/www.forpost-trade.ca\/qc\/wp-json\/wp\/v2\/product\/129071\/revisions\/191327"}],"wp:featuredmedia":[{"embeddable":true,"href":"https:\/\/www.forpost-trade.ca\/qc\/wp-json\/wp\/v2\/media\/169174"}],"wp:attachment":[{"href":"https:\/\/www.forpost-trade.ca\/qc\/wp-json\/wp\/v2\/media?parent=129071"}],"wp:term":[{"taxonomy":"product_brand","embeddable":true,"href":"https:\/\/www.forpost-trade.ca\/qc\/wp-json\/wp\/v2\/product_brand?post=129071"},{"taxonomy":"product_cat","embeddable":true,"href":"https:\/\/www.forpost-trade.ca\/qc\/wp-json\/wp\/v2\/product_cat?post=129071"},{"taxonomy":"product_tag","embeddable":true,"href":"https:\/\/www.forpost-trade.ca\/qc\/wp-json\/wp\/v2\/product_tag?post=129071"}],"curies":[{"name":"wp","href":"https:\/\/api.w.org\/{rel}","templated":true}]}}