{"id":128996,"date":"2022-06-29T12:10:45","date_gmt":"2022-06-29T16:10:45","guid":{"rendered":"https:\/\/www.forpost-trade.ca\/product\/glass-metal-shelves-stand\/"},"modified":"2026-02-20T12:23:23","modified_gmt":"2026-02-20T17:23:23","slug":"glass-metal-shelves-stand","status":"publish","type":"product","link":"https:\/\/www.forpost-trade.ca\/qc\/product\/glass-metal-shelves-stand\/","title":{"rendered":"Glass Metal Shelves Stand"},"content":{"rendered":"<p>19.00 x 17.00 x 47.00<\/p>\n","protected":false},"excerpt":{"rendered":"<p> Stand with 4 triangular shelves. This stand will embellish any room you place it in and it will flash designs such as industrial loft or home, futuristic style and modern home. Perfect for placing any statues, plants, lamps, clocks etc.<\/p>\n<p>&#8211; gold colour<br \/>\n&#8211; metal frame and glass shelves<br \/>\n&#8211; convoluted chaotic shape<br \/>\n&#8211; 4 shelves<br \/><span style=\"color:red\">This item can only be shipped on a skid. Look for the pallet rate <a href=\"\/delivery\" target=\"_delivery\">here<\/a>. Final shipping cost might be adjusted and confirmed with you before shipping.<\/span><br \/><span style='color:orange'>Cet article ne peut \u00eatre exp\u00e9di\u00e9 que sur un patin. Recherchez le tarif de la palette <a href='\/delivery' target='_delivery'>ici.<\/a> Les frais d&#8217;exp\u00e9dition finaux peuvent \u00eatre ajust\u00e9s et confirm\u00e9s avec vous avant l&#8217;exp\u00e9dition.<\/span><\/p>\n","protected":false},"featured_media":160659,"template":"","meta":[],"product_brand":[],"product_cat":[552,614,50,75],"product_tag":[],"class_list":{"0":"post-128996","1":"product","2":"type-product","3":"status-publish","4":"has-post-thumbnail","6":"product_cat-furniture-meubles","7":"product_cat-furniture-meubles-fpt-design-catalog","8":"product_cat-current-selection-catalogue","9":"product_cat-furniture-mobilier","11":"first","12":"instock","13":"taxable","14":"shipping-taxable","15":"purchasable","16":"product-type-simple"},"translation":{"provider":"WPGlobus","version":"3.0.0","language":"qc","enabled_languages":["ca","qc"],"languages":{"ca":{"title":true,"content":true,"excerpt":true},"qc":{"title":false,"content":false,"excerpt":false}}},"_links":{"self":[{"href":"https:\/\/www.forpost-trade.ca\/qc\/wp-json\/wp\/v2\/product\/128996","targetHints":{"allow":["GET"]}}],"collection":[{"href":"https:\/\/www.forpost-trade.ca\/qc\/wp-json\/wp\/v2\/product"}],"about":[{"href":"https:\/\/www.forpost-trade.ca\/qc\/wp-json\/wp\/v2\/types\/product"}],"version-history":[{"count":3,"href":"https:\/\/www.forpost-trade.ca\/qc\/wp-json\/wp\/v2\/product\/128996\/revisions"}],"predecessor-version":[{"id":191326,"href":"https:\/\/www.forpost-trade.ca\/qc\/wp-json\/wp\/v2\/product\/128996\/revisions\/191326"}],"wp:featuredmedia":[{"embeddable":true,"href":"https:\/\/www.forpost-trade.ca\/qc\/wp-json\/wp\/v2\/media\/160659"}],"wp:attachment":[{"href":"https:\/\/www.forpost-trade.ca\/qc\/wp-json\/wp\/v2\/media?parent=128996"}],"wp:term":[{"taxonomy":"product_brand","embeddable":true,"href":"https:\/\/www.forpost-trade.ca\/qc\/wp-json\/wp\/v2\/product_brand?post=128996"},{"taxonomy":"product_cat","embeddable":true,"href":"https:\/\/www.forpost-trade.ca\/qc\/wp-json\/wp\/v2\/product_cat?post=128996"},{"taxonomy":"product_tag","embeddable":true,"href":"https:\/\/www.forpost-trade.ca\/qc\/wp-json\/wp\/v2\/product_tag?post=128996"}],"curies":[{"name":"wp","href":"https:\/\/api.w.org\/{rel}","templated":true}]}}