{"id":126793,"date":"2022-05-25T23:00:29","date_gmt":"2022-05-26T03:00:29","guid":{"rendered":"https:\/\/www.forpost-trade.ca\/product\/metal-wood-wall-shelves-3\/"},"modified":"2026-05-04T11:37:35","modified_gmt":"2026-05-04T15:37:35","slug":"metal-wood-wall-shelves-3","status":"publish","type":"product","link":"https:\/\/www.forpost-trade.ca\/qc\/product\/metal-wood-wall-shelves-3\/","title":{"rendered":"Wooden Metal Wall Shelves"},"content":{"rendered":"<p>27.50 x 6.50 x 27.50<\/p>\n","protected":false},"excerpt":{"rendered":"<p> Circular hanging wall shelf with 4 different sized shelves in it. It suits interior designs like industrial loft \/ home, classic home and cottage styles.<\/p>\n<p>&#8211; light wood and black colours<br \/>\n&#8211; wooden shelves and metal circles around<br \/>\n&#8211; modern look<br \/><span style=\"color:red\">This item can only be shipped on a skid. Look for the pallet rate <a href=\"\/delivery\" target=\"_delivery\">here<\/a>. Final shipping cost might be adjusted and confirmed with you before shipping.<\/span><br \/><span style='color:orange'>Cet article ne peut \u00eatre exp\u00e9di\u00e9 que sur un patin. Recherchez le tarif de la palette <a href='\/delivery' target='_delivery'>ici.<\/a> Les frais d&#8217;exp\u00e9dition finaux peuvent \u00eatre ajust\u00e9s et confirm\u00e9s avec vous avant l&#8217;exp\u00e9dition.<\/span><\/p>\n","protected":false},"featured_media":155029,"template":"","meta":[],"product_brand":[],"product_cat":[552,614,45,50,75],"product_tag":[],"class_list":{"0":"post-126793","1":"product","2":"type-product","3":"status-publish","4":"has-post-thumbnail","6":"product_cat-furniture-meubles","7":"product_cat-furniture-meubles-fpt-design-catalog","8":"product_cat-catalog","9":"product_cat-current-selection-catalogue","10":"product_cat-furniture-mobilier","12":"first","13":"instock","14":"taxable","15":"shipping-taxable","16":"purchasable","17":"product-type-simple"},"translation":{"provider":"WPGlobus","version":"3.0.0","language":"qc","enabled_languages":["ca","qc"],"languages":{"ca":{"title":true,"content":true,"excerpt":true},"qc":{"title":false,"content":false,"excerpt":false}}},"_links":{"self":[{"href":"https:\/\/www.forpost-trade.ca\/qc\/wp-json\/wp\/v2\/product\/126793","targetHints":{"allow":["GET"]}}],"collection":[{"href":"https:\/\/www.forpost-trade.ca\/qc\/wp-json\/wp\/v2\/product"}],"about":[{"href":"https:\/\/www.forpost-trade.ca\/qc\/wp-json\/wp\/v2\/types\/product"}],"version-history":[{"count":3,"href":"https:\/\/www.forpost-trade.ca\/qc\/wp-json\/wp\/v2\/product\/126793\/revisions"}],"predecessor-version":[{"id":191331,"href":"https:\/\/www.forpost-trade.ca\/qc\/wp-json\/wp\/v2\/product\/126793\/revisions\/191331"}],"wp:featuredmedia":[{"embeddable":true,"href":"https:\/\/www.forpost-trade.ca\/qc\/wp-json\/wp\/v2\/media\/155029"}],"wp:attachment":[{"href":"https:\/\/www.forpost-trade.ca\/qc\/wp-json\/wp\/v2\/media?parent=126793"}],"wp:term":[{"taxonomy":"product_brand","embeddable":true,"href":"https:\/\/www.forpost-trade.ca\/qc\/wp-json\/wp\/v2\/product_brand?post=126793"},{"taxonomy":"product_cat","embeddable":true,"href":"https:\/\/www.forpost-trade.ca\/qc\/wp-json\/wp\/v2\/product_cat?post=126793"},{"taxonomy":"product_tag","embeddable":true,"href":"https:\/\/www.forpost-trade.ca\/qc\/wp-json\/wp\/v2\/product_tag?post=126793"}],"curies":[{"name":"wp","href":"https:\/\/api.w.org\/{rel}","templated":true}]}}