{"id":123972,"date":"2022-04-01T13:29:49","date_gmt":"2022-04-01T17:29:49","guid":{"rendered":"https:\/\/www.forpost-trade.ca\/product\/metal-flower-stand\/"},"modified":"2026-02-20T12:23:24","modified_gmt":"2026-02-20T17:23:24","slug":"metal-flower-stand","status":"publish","type":"product","link":"https:\/\/www.forpost-trade.ca\/qc\/product\/metal-flower-stand\/","title":{"rendered":"Metal Flower Stand"},"content":{"rendered":"<p>26.00 x 19.50 x 32.00<\/p>\n","protected":false},"excerpt":{"rendered":"<p> 3-tier plant stand that can be used as a stand for placing multiple items such as flower pots, table lamps, Wi-Fi routers, vases, figurines or clocks. This table is very useful and can be placed in multiple rooms like the living room, entrance hall or foyer, bedroom, dining room or home office. The table will fit multiple interior designs such as industrial home \/ loft or classic home styles. Parts can be rotated and assembled under the highest one.<\/p>\n<p>&#8211; antique bronze colour<br \/>\n&#8211; metal material<br \/>\n&#8211; 3 connected tables with 3 different levels<br \/>\n&#8211; modern look<br \/><span style=\"color:red\">This item can only be shipped on a skid. Look for the pallet rate <a href=\"\/delivery\" target=\"_delivery\">here<\/a>. Final shipping cost might be adjusted and confirmed with you before shipping.<\/span><br \/><span style='color:orange'>Cet article ne peut \u00eatre exp\u00e9di\u00e9 que sur un patin. Recherchez le tarif de la palette <a href='\/delivery' target='_delivery'>ici.<\/a> Les frais d&#8217;exp\u00e9dition finaux peuvent \u00eatre ajust\u00e9s et confirm\u00e9s avec vous avant l&#8217;exp\u00e9dition.<\/span><\/p>\n","protected":false},"featured_media":160573,"template":"","meta":[],"product_brand":[],"product_cat":[552,614,546,50,75],"product_tag":[],"class_list":{"0":"post-123972","1":"product","2":"type-product","3":"status-publish","4":"has-post-thumbnail","6":"product_cat-furniture-meubles","7":"product_cat-furniture-meubles-fpt-design-catalog","8":"product_cat-forpost-trade-shop","9":"product_cat-current-selection-catalogue","10":"product_cat-furniture-mobilier","12":"first","13":"instock","14":"taxable","15":"shipping-taxable","16":"purchasable","17":"product-type-simple"},"translation":{"provider":"WPGlobus","version":"3.0.0","language":"qc","enabled_languages":["ca","qc"],"languages":{"ca":{"title":true,"content":true,"excerpt":true},"qc":{"title":false,"content":false,"excerpt":false}}},"_links":{"self":[{"href":"https:\/\/www.forpost-trade.ca\/qc\/wp-json\/wp\/v2\/product\/123972","targetHints":{"allow":["GET"]}}],"collection":[{"href":"https:\/\/www.forpost-trade.ca\/qc\/wp-json\/wp\/v2\/product"}],"about":[{"href":"https:\/\/www.forpost-trade.ca\/qc\/wp-json\/wp\/v2\/types\/product"}],"version-history":[{"count":3,"href":"https:\/\/www.forpost-trade.ca\/qc\/wp-json\/wp\/v2\/product\/123972\/revisions"}],"predecessor-version":[{"id":188880,"href":"https:\/\/www.forpost-trade.ca\/qc\/wp-json\/wp\/v2\/product\/123972\/revisions\/188880"}],"wp:featuredmedia":[{"embeddable":true,"href":"https:\/\/www.forpost-trade.ca\/qc\/wp-json\/wp\/v2\/media\/160573"}],"wp:attachment":[{"href":"https:\/\/www.forpost-trade.ca\/qc\/wp-json\/wp\/v2\/media?parent=123972"}],"wp:term":[{"taxonomy":"product_brand","embeddable":true,"href":"https:\/\/www.forpost-trade.ca\/qc\/wp-json\/wp\/v2\/product_brand?post=123972"},{"taxonomy":"product_cat","embeddable":true,"href":"https:\/\/www.forpost-trade.ca\/qc\/wp-json\/wp\/v2\/product_cat?post=123972"},{"taxonomy":"product_tag","embeddable":true,"href":"https:\/\/www.forpost-trade.ca\/qc\/wp-json\/wp\/v2\/product_tag?post=123972"}],"curies":[{"name":"wp","href":"https:\/\/api.w.org\/{rel}","templated":true}]}}