{"id":118858,"date":"2021-12-08T23:00:14","date_gmt":"2021-12-09T04:00:14","guid":{"rendered":"https:\/\/www.forpost-trade.ca\/product\/metal-pendant-lamp\/"},"modified":"2026-04-14T22:59:03","modified_gmt":"2026-04-15T02:59:03","slug":"metal-pendant-lamp","status":"publish","type":"product","link":"https:\/\/www.forpost-trade.ca\/qc\/product\/metal-pendant-lamp\/","title":{"rendered":"Fabric and Metal Lamp"},"content":{"rendered":"<p>18.00 x 18.00 x 21.00<\/p>\n","protected":false},"excerpt":{"rendered":"<p> Three-tier lamp with metal base and fabric shade. Hangs on a chain. Antique\/Vintage and Classic Home styles.<\/p>\n<p>&#8211; beige and matte gold with brushed black colours<br \/>\n&#8211; fabric and metal materials<br \/><span style=\"color:red\">This item can only be shipped on a skid. Look for the pallet rate <a href=\"\/delivery\" target=\"_delivery\">here<\/a>. Final shipping cost might be adjusted and confirmed with you before shipping.<\/span><br \/><span style='color:orange'>Cet article ne peut \u00eatre exp\u00e9di\u00e9 que sur un patin. Recherchez le tarif de la palette <a href='\/delivery' target='_delivery'>ici.<\/a> Les frais d&#8217;exp\u00e9dition finaux peuvent \u00eatre ajust\u00e9s et confirm\u00e9s avec vous avant l&#8217;exp\u00e9dition.<\/span><\/p>\n","protected":false},"featured_media":118855,"template":"","meta":[],"product_brand":[],"product_cat":[558,618,45,50,80],"product_tag":[],"class_list":{"0":"post-118858","1":"product","2":"type-product","3":"status-publish","4":"has-post-thumbnail","6":"product_cat-lighting-luminaire-current-selection-catalogue","7":"product_cat-lighting-luminaire-fpt-design-catalog","8":"product_cat-catalog","9":"product_cat-current-selection-catalogue","10":"product_cat-lighting-luminaire","12":"first","13":"instock","14":"taxable","15":"shipping-taxable","16":"purchasable","17":"product-type-simple"},"translation":{"provider":"WPGlobus","version":"3.0.0","language":"qc","enabled_languages":["ca","qc"],"languages":{"ca":{"title":true,"content":true,"excerpt":true},"qc":{"title":false,"content":false,"excerpt":false}}},"_links":{"self":[{"href":"https:\/\/www.forpost-trade.ca\/qc\/wp-json\/wp\/v2\/product\/118858","targetHints":{"allow":["GET"]}}],"collection":[{"href":"https:\/\/www.forpost-trade.ca\/qc\/wp-json\/wp\/v2\/product"}],"about":[{"href":"https:\/\/www.forpost-trade.ca\/qc\/wp-json\/wp\/v2\/types\/product"}],"version-history":[{"count":3,"href":"https:\/\/www.forpost-trade.ca\/qc\/wp-json\/wp\/v2\/product\/118858\/revisions"}],"predecessor-version":[{"id":191242,"href":"https:\/\/www.forpost-trade.ca\/qc\/wp-json\/wp\/v2\/product\/118858\/revisions\/191242"}],"wp:featuredmedia":[{"embeddable":true,"href":"https:\/\/www.forpost-trade.ca\/qc\/wp-json\/wp\/v2\/media\/118855"}],"wp:attachment":[{"href":"https:\/\/www.forpost-trade.ca\/qc\/wp-json\/wp\/v2\/media?parent=118858"}],"wp:term":[{"taxonomy":"product_brand","embeddable":true,"href":"https:\/\/www.forpost-trade.ca\/qc\/wp-json\/wp\/v2\/product_brand?post=118858"},{"taxonomy":"product_cat","embeddable":true,"href":"https:\/\/www.forpost-trade.ca\/qc\/wp-json\/wp\/v2\/product_cat?post=118858"},{"taxonomy":"product_tag","embeddable":true,"href":"https:\/\/www.forpost-trade.ca\/qc\/wp-json\/wp\/v2\/product_tag?post=118858"}],"curies":[{"name":"wp","href":"https:\/\/api.w.org\/{rel}","templated":true}]}}