{"id":110863,"date":"2021-09-25T01:42:22","date_gmt":"2021-09-25T05:42:22","guid":{"rendered":"https:\/\/woo3.forpost-trade.ca\/product\/wood-and-metal-wall-clock-3\/"},"modified":"2026-04-02T23:04:44","modified_gmt":"2026-04-03T03:04:44","slug":"wood-and-metal-wall-clock-3","status":"publish","type":"product","link":"https:\/\/www.forpost-trade.ca\/qc\/product\/wood-and-metal-wall-clock-3\/","title":{"rendered":"32&quot; Wood and Metal Wall Clock"},"content":{"rendered":"<p>32.00 x 2.00 x 32.00<\/p>\n","protected":false},"excerpt":{"rendered":"<p> Wall clock with roman numerals. It fits well multiple interior designs such as Vintage, Antique, Cottage, Rustic, Farmhouse and Country styles.<\/p>\n<p>&#8211; natural wood brown, washed white, black with a little touch of gold colours<br \/>\n&#8211; wood and metal materials<br \/>\n&#8211; roman protruding numerals<br \/>\n&#8211; square wire design behind arrows<br \/><span style=\"color:red\">This item can only be shipped on a skid. Look for the pallet rate <a href=\"\/delivery\" target=\"_delivery\">here<\/a>. Final shipping cost might be adjusted and confirmed with you before shipping.<\/span><br \/><span style='color:orange'>Cet article ne peut \u00eatre exp\u00e9di\u00e9 que sur un patin. Recherchez le tarif de la palette <a href='\/delivery' target='_delivery'>ici.<\/a> Les frais d&#8217;exp\u00e9dition finaux peuvent \u00eatre ajust\u00e9s et confirm\u00e9s avec vous avant l&#8217;exp\u00e9dition.<\/span><\/p>\n","protected":false},"featured_media":118867,"template":"","meta":[],"product_brand":[],"product_cat":[547,611,50,82],"product_tag":[],"class_list":{"0":"post-110863","1":"product","2":"type-product","3":"status-publish","4":"has-post-thumbnail","6":"product_cat-clocks-horloges","7":"product_cat-clocks-horloges-fpt-design-catalog","8":"product_cat-current-selection-catalogue","9":"product_cat-wall-decor-decoration-murale","11":"first","12":"instock","13":"taxable","14":"shipping-taxable","15":"purchasable","16":"product-type-simple"},"translation":{"provider":"WPGlobus","version":"3.0.0","language":"qc","enabled_languages":["ca","qc"],"languages":{"ca":{"title":true,"content":true,"excerpt":true},"qc":{"title":false,"content":false,"excerpt":false}}},"_links":{"self":[{"href":"https:\/\/www.forpost-trade.ca\/qc\/wp-json\/wp\/v2\/product\/110863","targetHints":{"allow":["GET"]}}],"collection":[{"href":"https:\/\/www.forpost-trade.ca\/qc\/wp-json\/wp\/v2\/product"}],"about":[{"href":"https:\/\/www.forpost-trade.ca\/qc\/wp-json\/wp\/v2\/types\/product"}],"version-history":[{"count":3,"href":"https:\/\/www.forpost-trade.ca\/qc\/wp-json\/wp\/v2\/product\/110863\/revisions"}],"predecessor-version":[{"id":199979,"href":"https:\/\/www.forpost-trade.ca\/qc\/wp-json\/wp\/v2\/product\/110863\/revisions\/199979"}],"wp:featuredmedia":[{"embeddable":true,"href":"https:\/\/www.forpost-trade.ca\/qc\/wp-json\/wp\/v2\/media\/118867"}],"wp:attachment":[{"href":"https:\/\/www.forpost-trade.ca\/qc\/wp-json\/wp\/v2\/media?parent=110863"}],"wp:term":[{"taxonomy":"product_brand","embeddable":true,"href":"https:\/\/www.forpost-trade.ca\/qc\/wp-json\/wp\/v2\/product_brand?post=110863"},{"taxonomy":"product_cat","embeddable":true,"href":"https:\/\/www.forpost-trade.ca\/qc\/wp-json\/wp\/v2\/product_cat?post=110863"},{"taxonomy":"product_tag","embeddable":true,"href":"https:\/\/www.forpost-trade.ca\/qc\/wp-json\/wp\/v2\/product_tag?post=110863"}],"curies":[{"name":"wp","href":"https:\/\/api.w.org\/{rel}","templated":true}]}}