{"id":108968,"date":"2021-09-25T00:42:05","date_gmt":"2021-09-25T04:42:05","guid":{"rendered":"https:\/\/woo3.forpost-trade.ca\/product\/jewelry-box-2\/"},"modified":"2026-05-01T16:13:02","modified_gmt":"2026-05-01T20:13:02","slug":"jewelry-box-2","status":"publish","type":"product","link":"https:\/\/www.forpost-trade.ca\/qc\/product\/jewelry-box-2\/","title":{"rendered":"Jewelry Box"},"content":{"rendered":"<p>14.00 x 8.00 x 10.00<\/p>\n","protected":false},"excerpt":{"rendered":"<p> Jewelry box with lost of storage space and see-through compartments. Shabby Chic and Farmhouse\/Country style.<\/p>\n<p>&#8211; washed grey colour<br \/>\n&#8211; wood and glass materials<br \/>\n&#8211; 4 drawers<br \/>\n&#8211; 6 compartments on top, glass lid opens up<br \/><span style=\"color:red\">This item can only be shipped on a skid. Look for the pallet rate <a href=\"\/delivery\" target=\"_delivery\">here<\/a>. Final shipping cost might be adjusted and confirmed with you before shipping.<\/span><br \/><span style='color:orange'>Cet article ne peut \u00eatre exp\u00e9di\u00e9 que sur un patin. Recherchez le tarif de la palette <a href='\/delivery' target='_delivery'>ici.<\/a> Les frais d&#8217;exp\u00e9dition finaux peuvent \u00eatre ajust\u00e9s et confirm\u00e9s avec vous avant l&#8217;exp\u00e9dition.<\/span><\/p>\n","protected":false},"featured_media":163212,"template":"","meta":[],"product_brand":[],"product_cat":[599,616,45],"product_tag":[],"class_list":{"0":"post-108968","1":"product","2":"type-product","3":"status-publish","4":"has-post-thumbnail","6":"product_cat-clearance","7":"product_cat-home-decor-decoration-de-maison-fpt-design-catalog","8":"product_cat-catalog","10":"first","11":"instock","12":"sale","13":"taxable","14":"shipping-taxable","15":"purchasable","16":"product-type-simple"},"translation":{"provider":"WPGlobus","version":"3.0.0","language":"qc","enabled_languages":["ca","qc"],"languages":{"ca":{"title":true,"content":true,"excerpt":true},"qc":{"title":false,"content":false,"excerpt":false}}},"_links":{"self":[{"href":"https:\/\/www.forpost-trade.ca\/qc\/wp-json\/wp\/v2\/product\/108968","targetHints":{"allow":["GET"]}}],"collection":[{"href":"https:\/\/www.forpost-trade.ca\/qc\/wp-json\/wp\/v2\/product"}],"about":[{"href":"https:\/\/www.forpost-trade.ca\/qc\/wp-json\/wp\/v2\/types\/product"}],"version-history":[{"count":3,"href":"https:\/\/www.forpost-trade.ca\/qc\/wp-json\/wp\/v2\/product\/108968\/revisions"}],"predecessor-version":[{"id":188523,"href":"https:\/\/www.forpost-trade.ca\/qc\/wp-json\/wp\/v2\/product\/108968\/revisions\/188523"}],"wp:featuredmedia":[{"embeddable":true,"href":"https:\/\/www.forpost-trade.ca\/qc\/wp-json\/wp\/v2\/media\/163212"}],"wp:attachment":[{"href":"https:\/\/www.forpost-trade.ca\/qc\/wp-json\/wp\/v2\/media?parent=108968"}],"wp:term":[{"taxonomy":"product_brand","embeddable":true,"href":"https:\/\/www.forpost-trade.ca\/qc\/wp-json\/wp\/v2\/product_brand?post=108968"},{"taxonomy":"product_cat","embeddable":true,"href":"https:\/\/www.forpost-trade.ca\/qc\/wp-json\/wp\/v2\/product_cat?post=108968"},{"taxonomy":"product_tag","embeddable":true,"href":"https:\/\/www.forpost-trade.ca\/qc\/wp-json\/wp\/v2\/product_tag?post=108968"}],"curies":[{"name":"wp","href":"https:\/\/api.w.org\/{rel}","templated":true}]}}