{"id":104611,"date":"2021-09-24T10:20:46","date_gmt":"2021-09-24T14:20:46","guid":{"rendered":"https:\/\/woo3.forpost-trade.ca\/product\/clock-design-bench\/"},"modified":"2026-04-09T04:19:57","modified_gmt":"2026-04-09T08:19:57","slug":"clock-design-bench","status":"publish","type":"product","link":"https:\/\/www.forpost-trade.ca\/qc\/product\/clock-design-bench\/","title":{"rendered":"Wooden Metal Table &quot;Clock&quot;"},"content":{"rendered":"<p>51.75 x 15.50 x 32.50<\/p>\n","protected":false},"excerpt":{"rendered":"<p>Half-clock design table is made in industrial loft, rustic, steampunk styles and will fit these interiors greatly. You can place it in either the living room, home office or hallway and entrance foyer to put keys, bags or flowers on it.<\/p>\n<p>&#8211; natural wood \/ brown, black, steel and rustic colours<br \/>\n&#8211; wooden top and metal base<br \/>\n&#8211; clock design<br \/>\n<span style=\"color: red;\">This item can only be shipped on a skid. Look for the pallet rate <a href=\"\/delivery\" target=\"_delivery\">here<\/a>. Final shipping cost might be adjusted and confirmed with you before shipping.<br \/>\n<i><b>Serendipity candles can only be purchased in a separate order from other Forpost Trade products. Serendipity minimum order requirement is $250.<\/b><\/i><\/span><i><b><br \/>\n<\/b><\/i><span style=\"color: orange;\">Cet article ne peut \u00eatre exp\u00e9di\u00e9 que sur un patin. Recherchez le tarif de la palette <a href=\"\/delivery\" target=\"_delivery\">ici.<\/a> Les frais d&#8217;exp\u00e9dition finaux peuvent \u00eatre ajust\u00e9s et confirm\u00e9s avec vous avant l&#8217;exp\u00e9dition.<br \/>\n<i><b>Pour une commande de chandelles Serendipity le montant minimum est de 250.00 comme commande s\u00e9par\u00e9 de nos produits Forpost Trade.<\/b><\/i><br \/>\n<\/span><\/p>\n","protected":false},"featured_media":155032,"template":"","meta":[],"product_brand":[],"product_cat":[552,614,45,50,75],"product_tag":[],"class_list":{"0":"post-104611","1":"product","2":"type-product","3":"status-publish","4":"has-post-thumbnail","6":"product_cat-furniture-meubles","7":"product_cat-furniture-meubles-fpt-design-catalog","8":"product_cat-catalog","9":"product_cat-current-selection-catalogue","10":"product_cat-furniture-mobilier","12":"first","13":"instock","14":"taxable","15":"shipping-taxable","16":"purchasable","17":"product-type-simple"},"translation":{"provider":"WPGlobus","version":"3.0.0","language":"qc","enabled_languages":["ca","qc"],"languages":{"ca":{"title":true,"content":true,"excerpt":true},"qc":{"title":false,"content":false,"excerpt":false}}},"_links":{"self":[{"href":"https:\/\/www.forpost-trade.ca\/qc\/wp-json\/wp\/v2\/product\/104611","targetHints":{"allow":["GET"]}}],"collection":[{"href":"https:\/\/www.forpost-trade.ca\/qc\/wp-json\/wp\/v2\/product"}],"about":[{"href":"https:\/\/www.forpost-trade.ca\/qc\/wp-json\/wp\/v2\/types\/product"}],"version-history":[{"count":3,"href":"https:\/\/www.forpost-trade.ca\/qc\/wp-json\/wp\/v2\/product\/104611\/revisions"}],"predecessor-version":[{"id":200323,"href":"https:\/\/www.forpost-trade.ca\/qc\/wp-json\/wp\/v2\/product\/104611\/revisions\/200323"}],"wp:featuredmedia":[{"embeddable":true,"href":"https:\/\/www.forpost-trade.ca\/qc\/wp-json\/wp\/v2\/media\/155032"}],"wp:attachment":[{"href":"https:\/\/www.forpost-trade.ca\/qc\/wp-json\/wp\/v2\/media?parent=104611"}],"wp:term":[{"taxonomy":"product_brand","embeddable":true,"href":"https:\/\/www.forpost-trade.ca\/qc\/wp-json\/wp\/v2\/product_brand?post=104611"},{"taxonomy":"product_cat","embeddable":true,"href":"https:\/\/www.forpost-trade.ca\/qc\/wp-json\/wp\/v2\/product_cat?post=104611"},{"taxonomy":"product_tag","embeddable":true,"href":"https:\/\/www.forpost-trade.ca\/qc\/wp-json\/wp\/v2\/product_tag?post=104611"}],"curies":[{"name":"wp","href":"https:\/\/api.w.org\/{rel}","templated":true}]}}