{"id":9608,"date":"2020-04-05T11:32:49","date_gmt":"2020-04-05T15:32:49","guid":{"rendered":"https:\/\/live.forpost-trade.ca\/?page_id=9608"},"modified":"2025-09-25T15:57:30","modified_gmt":"2025-09-25T19:57:30","slug":"delivery","status":"publish","type":"page","link":"https:\/\/www.forpost-trade.ca\/qc\/delivery\/","title":{"rendered":"Livraison"},"content":{"rendered":"<h2>La premi commande minimum est de 500$ CAD<\/h2>\n<h2>Livraison Ramassage \u00e0 notre entrep\u00f4t \u2013 GRATUIT<\/h2>\n<p>Adresse : 99 St. Regis Cres N, North York ON, M3J 1Y9<\/p>\n<h2>Envoi personnalis\u00e9<\/h2>\n<p>Les petites commandes sont exp\u00e9di\u00e9es par Canpar.<\/p>\n<p>Les grosses commandes et les meubles seront exp\u00e9di\u00e9s sur des palettes.<\/p>\n<p>* Le prix de 9,99 $ correspond aux frais d\u2019exp\u00e9dition de la commande, moins de 100 $.<\/p>\n<p>LES FRAIS DE LIVRAISON ne sont pas refl\u00e9t\u00e9s dans la facture Web mais ILS SERONT AJOUT\u00c9S.<\/p>\n<p>Les frais d&#8217;exp\u00e9dition sont bas\u00e9s sur la valeur totale de la commande avant toute remise.<\/p>\n<p>Les frais ne peuvent \u00eatre confirm\u00e9s qu\u2019apr\u00e8s emballage du produit. Veuillez consulter nos tarifs d\u2019exp\u00e9dition et nos tarifs de palettes ci-dessous pour chaque province.<\/p>\n<h2>TARIFS DE PALETTE (estimation approximative)<\/h2>\n<p>Sud et centre de l\u2019Ontario \u2013 100 $ &#8211; 150 $<\/p>\n<p>Northern ON, QC \u2013 200 $ &#8211; 300 $<\/p>\n<p>Maritime \u2013 300 $ &#8211; 350 $<\/p>\n<p>SK, MB \u2013 300 $ &#8211; 400 $<\/p>\n<p>AB \u2013 300 $ &#8211; 400 $<\/p>\n<p>NL \u2013 300 $ &#8211; 400 $<\/p>\n<p>Colombie-Britannique \u2013 350 $ &#8211; 450 $<\/p>\n<p>\u00cele de la Colombie-Britannique et r\u00e9gions \u00e9loign\u00e9es \u2013 400 $ \u00e0 600 $<\/p>\n<h2>FRAIS D\u2019EXP\u00c9DITION<\/h2>\n<p>10% Sud et Centre ON<\/p>\n<p>15% Nord ON, QC, Maritime<\/p>\n<p>20% SK, MB<\/p>\n<p>20% AB<\/p>\n<p>20% NL<\/p>\n<p>20% avant JC<\/p>\n<p>25% \u00eele de la Colombie-Britannique<\/p>\n<p>Veuillez noter que des frais suppl\u00e9mentaires peuvent \u00eatre appliqu\u00e9s aux frais de livraison pour les r\u00e9gions \u00e9loign\u00e9es.<\/p>\n<p>Veuillez <a href=\"https:\/\/www.forpost-trade.ca\/contact\">nous contacter<\/a> si vous pr\u00e9f\u00e9rez d\u2019autres options d\u2019exp\u00e9dition ou nous fournir tous les d\u00e9tails de votre propre exp\u00e9diteur.<\/p>\n","protected":false},"excerpt":{"rendered":"<p>La premi commande minimum est de 500$ CAD Livraison Ramassage \u00e0 notre entrep\u00f4t \u2013 GRATUIT Adresse : 99 St. Regis Cres N, North York ON, M3J 1Y9 Envoi personnalis\u00e9 Les petites commandes sont exp\u00e9di\u00e9es par Canpar. Les grosses commandes et les meubles seront exp\u00e9di\u00e9s sur des palettes. * Le prix de 9,99 $ correspond aux frais d\u2019exp\u00e9dition de la commande,\u2026<\/p>\n","protected":false},"author":1,"featured_media":0,"parent":0,"menu_order":0,"comment_status":"closed","ping_status":"closed","template":"","meta":{"footnotes":""},"class_list":["post-9608","page","type-page","status-publish","hentry"],"translation":{"provider":"WPGlobus","version":"3.0.0","language":"qc","enabled_languages":["ca","qc"],"languages":{"ca":{"title":true,"content":true,"excerpt":false},"qc":{"title":true,"content":true,"excerpt":false}}},"_links":{"self":[{"href":"https:\/\/www.forpost-trade.ca\/qc\/wp-json\/wp\/v2\/pages\/9608","targetHints":{"allow":["GET"]}}],"collection":[{"href":"https:\/\/www.forpost-trade.ca\/qc\/wp-json\/wp\/v2\/pages"}],"about":[{"href":"https:\/\/www.forpost-trade.ca\/qc\/wp-json\/wp\/v2\/types\/page"}],"author":[{"embeddable":true,"href":"https:\/\/www.forpost-trade.ca\/qc\/wp-json\/wp\/v2\/users\/1"}],"replies":[{"embeddable":true,"href":"https:\/\/www.forpost-trade.ca\/qc\/wp-json\/wp\/v2\/comments?post=9608"}],"version-history":[{"count":3,"href":"https:\/\/www.forpost-trade.ca\/qc\/wp-json\/wp\/v2\/pages\/9608\/revisions"}],"predecessor-version":[{"id":190702,"href":"https:\/\/www.forpost-trade.ca\/qc\/wp-json\/wp\/v2\/pages\/9608\/revisions\/190702"}],"wp:attachment":[{"href":"https:\/\/www.forpost-trade.ca\/qc\/wp-json\/wp\/v2\/media?parent=9608"}],"curies":[{"name":"wp","href":"https:\/\/api.w.org\/{rel}","templated":true}]}}