{"id":6239,"date":"2020-10-16T01:47:14","date_gmt":"2020-10-16T05:47:14","guid":{"rendered":"https:\/\/nyture.novaworks.net\/?page_id=18"},"modified":"2024-11-01T12:27:18","modified_gmt":"2024-11-01T16:27:18","slug":"about-us","status":"publish","type":"page","link":"https:\/\/www.forpost-trade.ca\/qc\/about-us\/","title":{"rendered":"\u00c0 PROPOS DE NOUS"},"content":{"rendered":"<h2>\u00c0 PROPOS DE NOUS<\/h2>\n<p>Bienvenue chez Forpost Trade<\/p>\n<p>Forpost Trade est une entreprise de d\u00e9coration int\u00e9rieure en gros sp\u00e9cialis\u00e9e dans les accessoires de style europ\u00e9en.<br \/>Nous sommes un important importateur et distributeur de produits de d\u00e9coration pour la maison et le jardin sur les march\u00e9s de d\u00e9tail canadien et am\u00e9ricain.<\/p>\n<h2>Nos styles<\/h2>\n<p>Forpost Trade pr\u00e9sente des collections de produits uniques dans des styles rafra\u00eechissants tel que:<br \/>Ferme et campagne \u2022 Antique \u2022 Cottage \u2022 Fran\u00e7ais \u2022 Floral\u00a0 \u2022 Loft industriel \u2022 Maison classique \u2022 Rustique \u2022 L&#8217;heure du th\u00e9<\/p>\n<h2>Nos styles de produits inspir\u00e9s de l&#8217;\u00e9poque, con\u00e7us pour maintenant.<\/h2>\n<p>\t\t\tNous sommes bas\u00e9s \u00e0 Toronto avec notre salle d&#8217;exposition, nos ventes et notre bureau de distribution.<br \/>Veuillez-vous inscrire pour profiter d&#8217;achats en ligne faciles et s\u00e9curis\u00e9s sur notre site Web.<br \/>\n\t\t\t\t\t\t\t\t\t\t\t\t\t\t\t<img decoding=\"async\" width=\"1024\" height=\"1024\" src=\"https:\/\/www.forpost-trade.ca\/wp-content\/uploads\/2024\/11\/About-us-1024x1024.jpg\" alt=\"\" loading=\"lazy\" srcset=\"https:\/\/www.forpost-trade.ca\/wp-content\/uploads\/2024\/11\/About-us-1024x1024.jpg 1024w, https:\/\/www.forpost-trade.ca\/wp-content\/uploads\/2024\/11\/About-us-300x300.jpg 300w, https:\/\/www.forpost-trade.ca\/wp-content\/uploads\/2024\/11\/About-us-150x150.jpg 150w, https:\/\/www.forpost-trade.ca\/wp-content\/uploads\/2024\/11\/About-us-768x768.jpg 768w, https:\/\/www.forpost-trade.ca\/wp-content\/uploads\/2024\/11\/About-us-600x600.jpg 600w, https:\/\/www.forpost-trade.ca\/wp-content\/uploads\/2024\/11\/About-us-100x100.jpg 100w, https:\/\/www.forpost-trade.ca\/wp-content\/uploads\/2024\/11\/About-us.jpg 1365w\" sizes=\"auto, (max-width: 1024px) 100vw, 1024px\" \/><br \/>\n\t\t\t\t\t\t\t\t\t\t\t\t\t\t\t<img decoding=\"async\" width=\"1024\" height=\"1024\" src=\"https:\/\/www.forpost-trade.ca\/wp-content\/uploads\/2024\/11\/Our-Team-1024x1024.jpg\" alt=\"\" loading=\"lazy\" srcset=\"https:\/\/www.forpost-trade.ca\/wp-content\/uploads\/2024\/11\/Our-Team-1024x1024.jpg 1024w, https:\/\/www.forpost-trade.ca\/wp-content\/uploads\/2024\/11\/Our-Team-300x300.jpg 300w, https:\/\/www.forpost-trade.ca\/wp-content\/uploads\/2024\/11\/Our-Team-150x150.jpg 150w, https:\/\/www.forpost-trade.ca\/wp-content\/uploads\/2024\/11\/Our-Team-768x768.jpg 768w, https:\/\/www.forpost-trade.ca\/wp-content\/uploads\/2024\/11\/Our-Team-600x600.jpg 600w, https:\/\/www.forpost-trade.ca\/wp-content\/uploads\/2024\/11\/Our-Team-100x100.jpg 100w, https:\/\/www.forpost-trade.ca\/wp-content\/uploads\/2024\/11\/Our-Team.jpg 1365w\" sizes=\"auto, (max-width: 1024px) 100vw, 1024px\" \/>\t\t\t\t\t\t\t\t\t\t\t\t\t\t\t<\/p>\n<h2>Notre \u00e9quipe<\/h2>\n<p>\t\t\tLes membres de notre \u00e9quipe sont des professionnels qualifi\u00e9s avec lesquels nous sommes ensemble depuis de nombreuses ann\u00e9es.<br \/>Ils sont disponibles pour partager des id\u00e9es et aider \u00e0 faire de bons choix pour votre magasin.<\/p>\n<p>Notre objectif global est de vous aider \u00e0 commander le bon produit, au bon moment et au bon prix.\t\t<\/p>\n<h2>Le meilleur d&#8217;Instagram<\/h2>\n<p>\t\t\t<a href=\"https:\/\/www.instagram.com\/forpost_trade_wholesale_decor\" target=\"_blank\" role=\"button\" rel=\"noopener\"><br \/>\n\t\t\t\t\t\tVoir sur Instagram<br \/>\n\t\t\t\t\t<\/a><\/p>\n","protected":false},"excerpt":{"rendered":"<p>\u00c0 PROPOS DE NOUS Bienvenue chez Forpost Trade Forpost Trade est une entreprise de d\u00e9coration int\u00e9rieure en gros sp\u00e9cialis\u00e9e dans les accessoires de style europ\u00e9en.Nous sommes un important importateur et distributeur de produits de d\u00e9coration pour la maison et le jardin sur les march\u00e9s de d\u00e9tail canadien et am\u00e9ricain. Nos styles Forpost Trade pr\u00e9sente des collections de produits uniques dans\u2026<\/p>\n","protected":false},"author":1,"featured_media":0,"parent":0,"menu_order":0,"comment_status":"closed","ping_status":"closed","template":"","meta":{"footnotes":""},"class_list":["post-6239","page","type-page","status-publish","hentry"],"translation":{"provider":"WPGlobus","version":"3.0.0","language":"qc","enabled_languages":["ca","qc"],"languages":{"ca":{"title":true,"content":true,"excerpt":false},"qc":{"title":true,"content":true,"excerpt":false}}},"_links":{"self":[{"href":"https:\/\/www.forpost-trade.ca\/qc\/wp-json\/wp\/v2\/pages\/6239","targetHints":{"allow":["GET"]}}],"collection":[{"href":"https:\/\/www.forpost-trade.ca\/qc\/wp-json\/wp\/v2\/pages"}],"about":[{"href":"https:\/\/www.forpost-trade.ca\/qc\/wp-json\/wp\/v2\/types\/page"}],"author":[{"embeddable":true,"href":"https:\/\/www.forpost-trade.ca\/qc\/wp-json\/wp\/v2\/users\/1"}],"replies":[{"embeddable":true,"href":"https:\/\/www.forpost-trade.ca\/qc\/wp-json\/wp\/v2\/comments?post=6239"}],"version-history":[{"count":3,"href":"https:\/\/www.forpost-trade.ca\/qc\/wp-json\/wp\/v2\/pages\/6239\/revisions"}],"predecessor-version":[{"id":173922,"href":"https:\/\/www.forpost-trade.ca\/qc\/wp-json\/wp\/v2\/pages\/6239\/revisions\/173922"}],"wp:attachment":[{"href":"https:\/\/www.forpost-trade.ca\/qc\/wp-json\/wp\/v2\/media?parent=6239"}],"curies":[{"name":"wp","href":"https:\/\/api.w.org\/{rel}","templated":true}]}}