{"id":145361,"date":"2023-06-08T03:29:14","date_gmt":"2023-06-08T07:29:14","guid":{"rendered":"https:\/\/www.forpost-trade.ca\/?page_id=145361"},"modified":"2025-11-17T12:05:54","modified_gmt":"2025-11-17T17:05:54","slug":"events-shows-promotions","status":"publish","type":"page","link":"https:\/\/www.forpost-trade.ca\/qc\/events-shows-promotions\/","title":{"rendered":"Events"},"content":{"rendered":"<p><a href=\"\">Dernier lundi de chaque mois <br \/> 10 h \u00e0 16 h<br \/>Les lundis du march\u00e9 SHOW T.O.<\/a><\/p>\n<p><strong data-start=\"53\" data-end=\"166\">Notre salle d&#8217;exposition permanente au SHOW T.O. est ouverte le dernier lundi de chaque mois, de 10 h \u00e0 16 h.<\/strong><br data-start=\"166\" data-end=\"169\" \/>Veuillez nous envoyer un courriel \u00e0 <strong data-start=\"205\" data-end=\"230\"><a rel=\"noopener\" data-start=\"207\" data-end=\"228\">info@forpost-trade.ca<\/a><\/strong> ou nous appeler au <strong data-start=\"250\" data-end=\"266\">647-478-7507<\/strong> si vous souhaitez prendre rendez-vous.<br data-start=\"305\" data-end=\"308\" data-is-only-node=\"\" \/><strong data-start=\"308\" data-end=\"321\">Adresse :<\/strong> The International Centre, 6900 Airport Road, Mississauga, Hall 1, salle d&#8217;exposition #117 (rez-de-chauss\u00e9e)<\/p>\n<p>\t\t\t\t\t\t\t\t\t\t\t\t<a href=\"\">13 janvier \u2013 15 janvier 2026 <br \/> 9 h 00 \u2013 17 h 00Salon des Detaillants du Qu\u00e9bec<\/a><\/p>\n<p><strong>SHERATON LAVAL HOTEL &amp; CONVENTION CENTRE<\/strong><br \/>2440 Autoroute des Laurentides, Laval, QC, H7T 1X5<\/p>\n<p>Dates et Horaires des Salon:<\/p>\n<p>\u2022 mardi 13, janvier 2026 : 9h00 \u2013 17h00<br \/>\u2022 mercredi 14, janvier 2026 : 9h00 \u2013 17h00<br \/>\u2022 jeudi 15, janvier 2026 : 9h00 \u2013 14h00<\/p>\n<p>\t\t\t\t\t\t\t\t\t\t\t\t<a href=\"\">22 au 29 janvier 2026 <br \/> 9 h 00  &#8211; 17 h 00March\u00e9 d\u2019hiver SHOW T.O.<\/a><\/p>\n<p data-start=\"69\" data-end=\"252\"><strong data-start=\"69\" data-end=\"137\">Planifiez votre visite! Le March\u00e9 d\u2019hiver approche \u00e0 grands pas!<\/strong><br data-start=\"137\" data-end=\"140\" \/>Veuillez nous \u00e9crire \u00e0 <strong data-start=\"163\" data-end=\"188\"><a rel=\"noopener\" data-start=\"165\" data-end=\"186\">info@forpost-trade.ca<\/a><\/strong> ou appeler au <strong data-start=\"203\" data-end=\"219\">647-478-7507<\/strong> pour r\u00e9server votre rendez-vous.<\/p>\n<p data-start=\"254\" data-end=\"476\"><strong data-start=\"254\" data-end=\"287\">Heures d\u2019ouverture du salon :<\/strong><br data-start=\"287\" data-end=\"290\" \/><strong data-start=\"290\" data-end=\"332\">Jeudi 22 janvier \u2013 Vendredi 23 janvier<\/strong> | 9 h \u00e0 17 h<br data-start=\"345\" data-end=\"348\" \/><strong data-start=\"348\" data-end=\"388\">Samedi 24 janvier \u2013 Mardi 27 janvier<\/strong> | 9 h \u00e0 18 h<br data-start=\"401\" data-end=\"404\" \/><strong data-start=\"404\" data-end=\"427\">Mercredi 28 janvier<\/strong> | 9 h \u00e0 17 h<br data-start=\"440\" data-end=\"443\" \/><strong data-start=\"443\" data-end=\"463\">Jeudi 29 janvier<\/strong> | 9 h \u00e0 16 h<\/p>\n<p data-start=\"478\" data-end=\"752\">R\u00e9servez votre plage horaire d\u00e8s maintenant en nous envoyant un courriel \u00e0 <strong data-start=\"553\" data-end=\"578\"><a rel=\"noopener\" data-start=\"555\" data-end=\"576\">info@forpost-trade.ca<\/a><\/strong>.<br data-start=\"579\" data-end=\"582\" \/>Si vous souhaitez nous visiter en dehors des heures d\u2019ouverture du salon, veuillez nous en informer \u00e0 l\u2019avance \u2014 nous ferons de notre mieux pour r\u00e9pondre \u00e0 votre demande.<\/p>\n<p data-start=\"754\" data-end=\"875\"><strong data-start=\"754\" data-end=\"767\">Adresse :<\/strong> The International Centre, 6900 Airport Road, Mississauga, Hall 1, Salle d\u2019exposition #117 (rez-de-chauss\u00e9e)<\/p>\n<p>\t\t\t\t\t\t\t\t\t\t\t\t<a href=\"\">24 au 27 janvier 2026 <br \/> 9 h 00  &#8211; 17 h 00Trader&#8217;s Forum Show in Toronto<\/a><\/p>\n<p data-start=\"69\" data-end=\"252\"><strong data-start=\"69\" data-end=\"137\">Planifiez votre visite! Le March\u00e9 d\u2019hiver approche \u00e0 grands pas!<\/strong><br data-start=\"137\" data-end=\"140\" \/>Veuillez nous \u00e9crire \u00e0 <strong data-start=\"163\" data-end=\"188\"><a rel=\"noopener\" data-start=\"165\" data-end=\"186\">info@forpost-trade.ca<\/a><\/strong> ou appeler au <strong data-start=\"203\" data-end=\"219\">647-478-7507<\/strong> pour r\u00e9server votre rendez-vous.<\/p>\n<p data-start=\"254\" data-end=\"476\"><strong data-start=\"254\" data-end=\"287\">Heures d\u2019ouverture du salon :<\/strong><br data-start=\"287\" data-end=\"290\" \/>Samedi 24 janvier 2026 : 9 h \u00e0 17 h<br \/>Dimanche 25 janvier 2026 : 9 h \u00e0 17 h<br \/>Lundi 26 janvier 2026 : 9 h \u00e0 17 h<br \/>Mardi 27 janvier 2026 : 9 h \u00e0 14 h<\/p>\n<p data-start=\"478\" data-end=\"752\">R\u00e9servez votre plage horaire d\u00e8s maintenant en nous envoyant un courriel \u00e0 <strong data-start=\"553\" data-end=\"578\"><a rel=\"noopener\" data-start=\"555\" data-end=\"576\">info@forpost-trade.ca<\/a><\/strong>.<br data-start=\"579\" data-end=\"582\" \/>Si vous souhaitez nous visiter en dehors des heures d\u2019ouverture du salon, veuillez nous en informer \u00e0 l\u2019avance \u2014 nous ferons de notre mieux pour r\u00e9pondre \u00e0 votre demande.<\/p>\n<p data-start=\"754\" data-end=\"875\"><strong data-start=\"754\" data-end=\"767\">Adresse :<\/strong><\/p>\n<p><strong>THE INTERNATIONAL CENTRE, HALLS 3-4<\/strong><br \/>6900 Airport Road, Mississauga, ON, L4V 1E8<\/p>\n<p>\t\t\t\t\t\t\t\t\t\t\t\t<a href=\"\">22 f\u00e9vrier \u2013 24 f\u00e9vrier 2026 <br \/> 9 h 00 &#8211; 17 h 00Traders Forum Edmonton<\/a><br \/>\n\t\t\t\t\t\t\t\t\t\t\t\t<a href=\"\">4 \u2013 6 mars 2026 <br \/> 9 h 00 &#8211; 17 h 00Atlantic Retail Fair Halifax<\/a><\/p>\n<p data-start=\"53\" data-end=\"165\"><strong data-start=\"53\" data-end=\"89\">Lieu, dates et heures du salon :<\/strong><br data-start=\"89\" data-end=\"92\" \/><strong data-start=\"92\" data-end=\"121\">HALIFAX EXHIBITION CENTRE<\/strong><br data-start=\"121\" data-end=\"124\" \/>200 Prospect Rd, Halifax, N.-\u00c9. B3T 1P2<\/p>\n<p data-start=\"167\" data-end=\"313\">\u2022 <strong data-start=\"169\" data-end=\"197\">Mercredi \u2013 4 mars 2026 :<\/strong> 9 h 00 \u2013 17 h 00<br data-start=\"214\" data-end=\"217\" \/>\u2022 <strong data-start=\"219\" data-end=\"244\">Jeudi \u2013 5 mars 2026 :<\/strong> 9 h 00 \u2013 17 h 00<br data-start=\"261\" data-end=\"264\" \/>\u2022 <strong data-start=\"266\" data-end=\"294\">Vendredi \u2013 6 mars 2026 :<\/strong> 9 h 00 \u2013 14 h 00<\/p>\n<p>\t\t\t\t\t\t\t\t\t\t\t\t<a href=\"\">13 au 15 avril 2026 <br \/> 9 h 00 &#8211; 17 h 00March\u00e9 du printemps<\/a><\/p>\n<p><strong data-start=\"754\" data-end=\"767\">Adresse :<\/strong> The International Centre, 6900 Airport Road, Mississauga, Hall 1, Salle d\u2019exposition #117 (rez-de-chauss\u00e9e)<\/p>\n","protected":false},"excerpt":{"rendered":"<p>Dernier lundi de chaque mois 10 h \u00e0 16 hLes lundis du march\u00e9 SHOW T.O. Notre salle d&#8217;exposition permanente au SHOW T.O. est ouverte le dernier lundi de chaque mois, de 10 h \u00e0 16 h.Veuillez nous envoyer un courriel \u00e0 info@forpost-trade.ca ou nous appeler au 647-478-7507 si vous souhaitez prendre rendez-vous.Adresse : The International Centre, 6900 Airport Road, Mississauga,\u2026<\/p>\n","protected":false},"author":3703,"featured_media":0,"parent":0,"menu_order":0,"comment_status":"closed","ping_status":"closed","template":"","meta":{"footnotes":""},"class_list":["post-145361","page","type-page","status-publish","hentry"],"translation":{"provider":"WPGlobus","version":"3.0.0","language":"qc","enabled_languages":["ca","qc"],"languages":{"ca":{"title":true,"content":true,"excerpt":false},"qc":{"title":true,"content":true,"excerpt":false}}},"_links":{"self":[{"href":"https:\/\/www.forpost-trade.ca\/qc\/wp-json\/wp\/v2\/pages\/145361","targetHints":{"allow":["GET"]}}],"collection":[{"href":"https:\/\/www.forpost-trade.ca\/qc\/wp-json\/wp\/v2\/pages"}],"about":[{"href":"https:\/\/www.forpost-trade.ca\/qc\/wp-json\/wp\/v2\/types\/page"}],"author":[{"embeddable":true,"href":"https:\/\/www.forpost-trade.ca\/qc\/wp-json\/wp\/v2\/users\/3703"}],"replies":[{"embeddable":true,"href":"https:\/\/www.forpost-trade.ca\/qc\/wp-json\/wp\/v2\/comments?post=145361"}],"version-history":[{"count":3,"href":"https:\/\/www.forpost-trade.ca\/qc\/wp-json\/wp\/v2\/pages\/145361\/revisions"}],"predecessor-version":[{"id":192247,"href":"https:\/\/www.forpost-trade.ca\/qc\/wp-json\/wp\/v2\/pages\/145361\/revisions\/192247"}],"wp:attachment":[{"href":"https:\/\/www.forpost-trade.ca\/qc\/wp-json\/wp\/v2\/media?parent=145361"}],"curies":[{"name":"wp","href":"https:\/\/api.w.org\/{rel}","templated":true}]}}